{"id":331,"date":"2022-08-03T21:22:55","date_gmt":"2022-08-03T21:22:55","guid":{"rendered":"http:\/\/www.offext.com\/fi\/?page_id=331"},"modified":"2022-08-05T07:29:00","modified_gmt":"2022-08-05T07:29:00","slug":"lisatietoja","status":"publish","type":"page","link":"https:\/\/www.offext.com\/fi\/lisatietoja\/","title":{"rendered":"Lis\u00e4tietoja"},"content":{"rendered":"\n<p>Tarvitsetko lis\u00e4tietoja OFFEXT tuotteista? Voit laittaa meille s\u00e4hk\u00f6postia osoitteeseen <a href=\"mailto:tekninen.tuki@offext.fi\">tekninen.tuki@offext.fi<\/a> tai soittaa numeroon 040 549 5551. <\/p>\n\n\n\n<p>Voit my\u00f6s j\u00e4tt\u00e4\u00e4 kysymyksesi ja yhteydenottopyynn\u00f6n alla olevalla lomakkeella.<\/p>\n\n\n\n<form method = \"post\" action=\"https:\/\/www.frif.fi\/php\/frif_lisatietopyynto.php\">\n<table border=0>\n<tr><td>\nYritys<\/td><td>\n<input type=\"text\" name=\"yritys\"><\/td><\/tr>\n<tr><td>Yhteyshenkil\u00f6<\/td><td>\n<input type=\"text\" name=\"yht_henkilo\"><\/td><\/tr>\n<tr><td>S\u00e4hk\u00f6posti(*)<\/td><td>\n<input type=\"text\" name=\"email\"><\/td><\/tr>\n<tr><td>Puhelin<\/td><td>\n<input type=\"text\" name=\"puhelin\"><\/td><\/tr>\n<tr><td colspan=2>Kerrotteko, mist\u00e4 tuotteista haluatte lis\u00e4tietoja. <\/td><\/tr>\n<tr><td>Tuote, kysymys:<\/td><td><textarea name=\"pyynto\"><\/textarea><\/td><\/tr>\n\n<tr><td><\/td><td><input type=\"submit\"\/><\/td><\/tr>\n<\/table>\n<\/form>\n","protected":false},"excerpt":{"rendered":"<p>Tarvitsetko lis\u00e4tietoja OFFEXT tuotteista? Voit laittaa meille s\u00e4hk\u00f6postia osoitteeseen tekninen.tuki@offext.fi tai soittaa numeroon 040 549 5551. Voit my\u00f6s j\u00e4tt\u00e4\u00e4 kysymyksesi ja yhteydenottopyynn\u00f6n alla olevalla lomakkeella. Yritys Yhteyshenkil\u00f6 S\u00e4hk\u00f6posti(*) Puhelin Kerrotteko, mist\u00e4 tuotteista haluatte lis\u00e4tietoja. Tuote, kysymys:<\/p>\n","protected":false},"author":1,"featured_media":0,"parent":0,"menu_order":0,"comment_status":"closed","ping_status":"closed","template":"","meta":{"footnotes":""},"class_list":["post-331","page","type-page","status-publish","hentry"],"yoast_head":"<!-- This site is optimized with the Yoast SEO plugin v23.2 - https:\/\/yoast.com\/wordpress\/plugins\/seo\/ -->\n<title>Lis\u00e4tietoja - OFFEXT.COM<\/title>\n<meta name=\"robots\" content=\"index, follow, max-snippet:-1, max-image-preview:large, max-video-preview:-1\" \/>\n<link rel=\"canonical\" href=\"https:\/\/www.offext.com\/fi\/lisatietoja\/\" \/>\n<meta property=\"og:locale\" content=\"fi_FI\" \/>\n<meta property=\"og:type\" content=\"article\" \/>\n<meta property=\"og:title\" content=\"Lis\u00e4tietoja - OFFEXT.COM\" \/>\n<meta property=\"og:description\" content=\"Tarvitsetko lis\u00e4tietoja OFFEXT tuotteista? Voit laittaa meille s\u00e4hk\u00f6postia osoitteeseen tekninen.tuki@offext.fi tai soittaa numeroon 040 549 5551. Voit my\u00f6s j\u00e4tt\u00e4\u00e4 kysymyksesi ja yhteydenottopyynn\u00f6n alla olevalla lomakkeella. Yritys Yhteyshenkil\u00f6 S\u00e4hk\u00f6posti(*) Puhelin Kerrotteko, mist\u00e4 tuotteista haluatte lis\u00e4tietoja. Tuote, kysymys:\" \/>\n<meta property=\"og:url\" content=\"https:\/\/www.offext.com\/fi\/lisatietoja\/\" \/>\n<meta property=\"og:site_name\" content=\"OFFEXT.COM\" \/>\n<meta property=\"article:modified_time\" content=\"2022-08-05T07:29:00+00:00\" \/>\n<meta name=\"twitter:card\" content=\"summary_large_image\" \/>\n<meta name=\"twitter:label1\" content=\"Arvioitu lukuaika\" \/>\n\t<meta name=\"twitter:data1\" content=\"1 minuutti\" \/>\n<script type=\"application\/ld+json\" class=\"yoast-schema-graph\">{\"@context\":\"https:\/\/schema.org\",\"@graph\":[{\"@type\":\"WebPage\",\"@id\":\"https:\/\/www.offext.com\/fi\/lisatietoja\/\",\"url\":\"https:\/\/www.offext.com\/fi\/lisatietoja\/\",\"name\":\"Lis\u00e4tietoja - OFFEXT.COM\",\"isPartOf\":{\"@id\":\"https:\/\/www.offext.com\/fi\/#website\"},\"datePublished\":\"2022-08-03T21:22:55+00:00\",\"dateModified\":\"2022-08-05T07:29:00+00:00\",\"breadcrumb\":{\"@id\":\"https:\/\/www.offext.com\/fi\/lisatietoja\/#breadcrumb\"},\"inLanguage\":\"fi\",\"potentialAction\":[{\"@type\":\"ReadAction\",\"target\":[\"https:\/\/www.offext.com\/fi\/lisatietoja\/\"]}]},{\"@type\":\"BreadcrumbList\",\"@id\":\"https:\/\/www.offext.com\/fi\/lisatietoja\/#breadcrumb\",\"itemListElement\":[{\"@type\":\"ListItem\",\"position\":1,\"name\":\"Etusivu\",\"item\":\"https:\/\/www.offext.com\/fi\/\"},{\"@type\":\"ListItem\",\"position\":2,\"name\":\"Lis\u00e4tietoja\"}]},{\"@type\":\"WebSite\",\"@id\":\"https:\/\/www.offext.com\/fi\/#website\",\"url\":\"https:\/\/www.offext.com\/fi\/\",\"name\":\"OFFEXT.COM\",\"description\":\"Tools for Offensive Exterior Firefighting\",\"publisher\":{\"@id\":\"https:\/\/www.offext.com\/fi\/#organization\"},\"potentialAction\":[{\"@type\":\"SearchAction\",\"target\":{\"@type\":\"EntryPoint\",\"urlTemplate\":\"https:\/\/www.offext.com\/fi\/?s={search_term_string}\"},\"query-input\":\"required name=search_term_string\"}],\"inLanguage\":\"fi\"},{\"@type\":\"Organization\",\"@id\":\"https:\/\/www.offext.com\/fi\/#organization\",\"name\":\"OFFEXT.COM\",\"url\":\"https:\/\/www.offext.com\/fi\/\",\"logo\":{\"@type\":\"ImageObject\",\"inLanguage\":\"fi\",\"@id\":\"https:\/\/www.offext.com\/fi\/#\/schema\/logo\/image\/\",\"url\":\"https:\/\/www.offext.com\/fi\/wp-content\/uploads\/sites\/1\/2022\/02\/cropped-Offext_logo10-1.png\",\"contentUrl\":\"https:\/\/www.offext.com\/fi\/wp-content\/uploads\/sites\/1\/2022\/02\/cropped-Offext_logo10-1.png\",\"width\":210,\"height\":46,\"caption\":\"OFFEXT.COM\"},\"image\":{\"@id\":\"https:\/\/www.offext.com\/fi\/#\/schema\/logo\/image\/\"}}]}<\/script>\n<!-- \/ Yoast SEO plugin. -->","yoast_head_json":{"title":"Lis\u00e4tietoja - OFFEXT.COM","robots":{"index":"index","follow":"follow","max-snippet":"max-snippet:-1","max-image-preview":"max-image-preview:large","max-video-preview":"max-video-preview:-1"},"canonical":"https:\/\/www.offext.com\/fi\/lisatietoja\/","og_locale":"fi_FI","og_type":"article","og_title":"Lis\u00e4tietoja - OFFEXT.COM","og_description":"Tarvitsetko lis\u00e4tietoja OFFEXT tuotteista? Voit laittaa meille s\u00e4hk\u00f6postia osoitteeseen tekninen.tuki@offext.fi tai soittaa numeroon 040 549 5551. Voit my\u00f6s j\u00e4tt\u00e4\u00e4 kysymyksesi ja yhteydenottopyynn\u00f6n alla olevalla lomakkeella. Yritys Yhteyshenkil\u00f6 S\u00e4hk\u00f6posti(*) Puhelin Kerrotteko, mist\u00e4 tuotteista haluatte lis\u00e4tietoja. Tuote, kysymys:","og_url":"https:\/\/www.offext.com\/fi\/lisatietoja\/","og_site_name":"OFFEXT.COM","article_modified_time":"2022-08-05T07:29:00+00:00","twitter_card":"summary_large_image","twitter_misc":{"Arvioitu lukuaika":"1 minuutti"},"schema":{"@context":"https:\/\/schema.org","@graph":[{"@type":"WebPage","@id":"https:\/\/www.offext.com\/fi\/lisatietoja\/","url":"https:\/\/www.offext.com\/fi\/lisatietoja\/","name":"Lis\u00e4tietoja - OFFEXT.COM","isPartOf":{"@id":"https:\/\/www.offext.com\/fi\/#website"},"datePublished":"2022-08-03T21:22:55+00:00","dateModified":"2022-08-05T07:29:00+00:00","breadcrumb":{"@id":"https:\/\/www.offext.com\/fi\/lisatietoja\/#breadcrumb"},"inLanguage":"fi","potentialAction":[{"@type":"ReadAction","target":["https:\/\/www.offext.com\/fi\/lisatietoja\/"]}]},{"@type":"BreadcrumbList","@id":"https:\/\/www.offext.com\/fi\/lisatietoja\/#breadcrumb","itemListElement":[{"@type":"ListItem","position":1,"name":"Etusivu","item":"https:\/\/www.offext.com\/fi\/"},{"@type":"ListItem","position":2,"name":"Lis\u00e4tietoja"}]},{"@type":"WebSite","@id":"https:\/\/www.offext.com\/fi\/#website","url":"https:\/\/www.offext.com\/fi\/","name":"OFFEXT.COM","description":"Tools for Offensive Exterior Firefighting","publisher":{"@id":"https:\/\/www.offext.com\/fi\/#organization"},"potentialAction":[{"@type":"SearchAction","target":{"@type":"EntryPoint","urlTemplate":"https:\/\/www.offext.com\/fi\/?s={search_term_string}"},"query-input":"required name=search_term_string"}],"inLanguage":"fi"},{"@type":"Organization","@id":"https:\/\/www.offext.com\/fi\/#organization","name":"OFFEXT.COM","url":"https:\/\/www.offext.com\/fi\/","logo":{"@type":"ImageObject","inLanguage":"fi","@id":"https:\/\/www.offext.com\/fi\/#\/schema\/logo\/image\/","url":"https:\/\/www.offext.com\/fi\/wp-content\/uploads\/sites\/1\/2022\/02\/cropped-Offext_logo10-1.png","contentUrl":"https:\/\/www.offext.com\/fi\/wp-content\/uploads\/sites\/1\/2022\/02\/cropped-Offext_logo10-1.png","width":210,"height":46,"caption":"OFFEXT.COM"},"image":{"@id":"https:\/\/www.offext.com\/fi\/#\/schema\/logo\/image\/"}}]}},"_links":{"self":[{"href":"https:\/\/www.offext.com\/fi\/wp-json\/wp\/v2\/pages\/331"}],"collection":[{"href":"https:\/\/www.offext.com\/fi\/wp-json\/wp\/v2\/pages"}],"about":[{"href":"https:\/\/www.offext.com\/fi\/wp-json\/wp\/v2\/types\/page"}],"author":[{"embeddable":true,"href":"https:\/\/www.offext.com\/fi\/wp-json\/wp\/v2\/users\/1"}],"replies":[{"embeddable":true,"href":"https:\/\/www.offext.com\/fi\/wp-json\/wp\/v2\/comments?post=331"}],"version-history":[{"count":3,"href":"https:\/\/www.offext.com\/fi\/wp-json\/wp\/v2\/pages\/331\/revisions"}],"predecessor-version":[{"id":368,"href":"https:\/\/www.offext.com\/fi\/wp-json\/wp\/v2\/pages\/331\/revisions\/368"}],"wp:attachment":[{"href":"https:\/\/www.offext.com\/fi\/wp-json\/wp\/v2\/media?parent=331"}],"curies":[{"name":"wp","href":"https:\/\/api.w.org\/{rel}","templated":true}]}}