{"id":344,"date":"2022-08-04T06:47:03","date_gmt":"2022-08-04T06:47:03","guid":{"rendered":"https:\/\/www.offext.com\/fi\/?page_id=344"},"modified":"2025-03-22T07:27:07","modified_gmt":"2025-03-22T07:27:07","slug":"tarjouspyynto","status":"publish","type":"page","link":"https:\/\/www.offext.com\/fi\/tarjouspyynto\/","title":{"rendered":"Tarjouspyynt\u00f6"},"content":{"rendered":"\n<p>Teemme mielell\u00e4mme tarjouksen teid\u00e4n tarpeeseenne.<\/p>\n\n\n\n<p>Voitte j\u00e4tt\u00e4\u00e4 pyynn\u00f6n s\u00e4hk\u00f6postitse tekninen.tuki@offext.fi tai soittaa numeroon 040 549 5551.<\/p>\n\n\n\n<p>Tarjouspyynn\u00f6n voitte j\u00e4tt\u00e4\u00e4 my\u00f6s t\u00e4ytt\u00e4m\u00e4ll\u00e4 alla olevan lomakkeen.<\/p>\n\n\n\n<form method=\"post\" action=\"https:\/\/www.frif.fi\/php\/frif_tarjouspyynto.php\">\n<table border=\"0\">\n<tbody><tr><td>\nYritys<\/td><td>\n<input type=\"text\" name=\"yritys\"><\/td><\/tr>\n<tr><td>Yhteyshenkil\u00f6<\/td><td>\n<input type=\"text\" name=\"yht_henkilo\"><\/td><\/tr>\n<tr><td>S\u00e4hk\u00f6posti(*)<\/td><td>\n<input type=\"text\" name=\"email\"><\/td><\/tr>\n<tr><td>Puhelin<\/td><td>\n<input type=\"text\" name=\"puhelin\"><\/td><\/tr>\n<tr><td colspan=\"2\">Pyyd\u00e4n tarjousta seuraavista m\u00e4\u00e4rist\u00e4:<\/td><\/tr>\n<tr><td>OFFEXT SKUNK:<\/td><td><input type=\"text\" name=\"skunk\"><\/td><\/tr>\n<tr><td>OFFEXT VIPER:<\/td><td><input type=\"text\" name=\"viper\"><\/td><\/tr>\n<tr><td>OFFEXT VIPER 800:<\/td><td><input type=\"text\" name=\"viper800\"><\/td><\/tr>\n<tr><td>OFFEXT VIPER Adapter:<\/td><td><input type=\"text\" name=\"viper_adapter\"><\/td><\/tr>\n<tr><td>OFFEXT VIPER Jauheletku:<\/td><td><input type=\"text\" name=\"viper_powder_hose\"><\/td><\/tr>\n<tr><td>OFFEXT VIPER Service Kit:<\/td><td><input type=\"text\" name=\"viper_service_kit\"><\/td><\/tr>\n<tr><td>OFFEXT VIPER Lis\u00e4suutin:<\/td><td><input type=\"text\" name=\"viper_suutin\"><\/td><\/tr>\n<tr><td>OFFEXT VIPER Lis\u00e4suutin, Sumu:<\/td><td><input type=\"text\" name=\"viper_sumusuutin\"><\/td><\/tr>\n<tr><td><\/td><td><input type=\"submit\"><\/td><\/tr>\n<\/tbody><\/table>\n<\/form>\n\n\n\n<p><\/p>\n","protected":false},"excerpt":{"rendered":"<p>Teemme mielell\u00e4mme tarjouksen teid\u00e4n tarpeeseenne. Voitte j\u00e4tt\u00e4\u00e4 pyynn\u00f6n s\u00e4hk\u00f6postitse tekninen.tuki@offext.fi tai soittaa numeroon 040 549 5551. Tarjouspyynn\u00f6n voitte j\u00e4tt\u00e4\u00e4 my\u00f6s t\u00e4ytt\u00e4m\u00e4ll\u00e4 alla olevan lomakkeen. Yritys Yhteyshenkil\u00f6 S\u00e4hk\u00f6posti(*) Puhelin Pyyd\u00e4n tarjousta seuraavista m\u00e4\u00e4rist\u00e4: OFFEXT SKUNK: OFFEXT VIPER: OFFEXT VIPER 800: OFFEXT VIPER Adapter: OFFEXT VIPER Jauheletku: OFFEXT VIPER Service Kit: OFFEXT VIPER Lis\u00e4suutin: OFFEXT VIPER Lis\u00e4suutin,<\/p><\/div>\n<div class=\"blog-btn\"><a href=\"https:\/\/www.offext.com\/fi\/tarjouspyynto\/\" class=\"home-blog-btn\">Lue lis\u00e4\u00e4<\/a><\/p>\n","protected":false},"author":1,"featured_media":0,"parent":0,"menu_order":0,"comment_status":"closed","ping_status":"closed","template":"","meta":{"footnotes":""},"class_list":["post-344","page","type-page","status-publish","hentry"],"yoast_head":"<!-- This site is optimized with the Yoast SEO plugin v23.2 - https:\/\/yoast.com\/wordpress\/plugins\/seo\/ -->\n<title>Tarjouspyynt\u00f6 - OFFEXT.COM<\/title>\n<meta name=\"robots\" content=\"index, follow, max-snippet:-1, max-image-preview:large, max-video-preview:-1\" \/>\n<link rel=\"canonical\" href=\"https:\/\/www.offext.com\/fi\/tarjouspyynto\/\" \/>\n<meta property=\"og:locale\" content=\"fi_FI\" \/>\n<meta property=\"og:type\" content=\"article\" \/>\n<meta property=\"og:title\" content=\"Tarjouspyynt\u00f6 - OFFEXT.COM\" \/>\n<meta property=\"og:description\" content=\"Teemme mielell\u00e4mme tarjouksen teid\u00e4n tarpeeseenne. Voitte j\u00e4tt\u00e4\u00e4 pyynn\u00f6n s\u00e4hk\u00f6postitse tekninen.tuki@offext.fi tai soittaa numeroon 040 549 5551. Tarjouspyynn\u00f6n voitte j\u00e4tt\u00e4\u00e4 my\u00f6s t\u00e4ytt\u00e4m\u00e4ll\u00e4 alla olevan lomakkeen. Yritys Yhteyshenkil\u00f6 S\u00e4hk\u00f6posti(*) Puhelin Pyyd\u00e4n tarjousta seuraavista m\u00e4\u00e4rist\u00e4: OFFEXT SKUNK: OFFEXT VIPER: OFFEXT VIPER 800: OFFEXT VIPER Adapter: OFFEXT VIPER Jauheletku: OFFEXT VIPER Service Kit: OFFEXT VIPER Lis\u00e4suutin: OFFEXT VIPER Lis\u00e4suutin,Lue lis\u00e4\u00e4\" \/>\n<meta property=\"og:url\" content=\"https:\/\/www.offext.com\/fi\/tarjouspyynto\/\" \/>\n<meta property=\"og:site_name\" content=\"OFFEXT.COM\" \/>\n<meta property=\"article:modified_time\" content=\"2025-03-22T07:27:07+00:00\" \/>\n<meta name=\"twitter:card\" content=\"summary_large_image\" \/>\n<meta name=\"twitter:label1\" content=\"Arvioitu lukuaika\" \/>\n\t<meta name=\"twitter:data1\" content=\"1 minuutti\" \/>\n<script type=\"application\/ld+json\" class=\"yoast-schema-graph\">{\"@context\":\"https:\/\/schema.org\",\"@graph\":[{\"@type\":\"WebPage\",\"@id\":\"https:\/\/www.offext.com\/fi\/tarjouspyynto\/\",\"url\":\"https:\/\/www.offext.com\/fi\/tarjouspyynto\/\",\"name\":\"Tarjouspyynt\u00f6 - OFFEXT.COM\",\"isPartOf\":{\"@id\":\"https:\/\/www.offext.com\/fi\/#website\"},\"datePublished\":\"2022-08-04T06:47:03+00:00\",\"dateModified\":\"2025-03-22T07:27:07+00:00\",\"breadcrumb\":{\"@id\":\"https:\/\/www.offext.com\/fi\/tarjouspyynto\/#breadcrumb\"},\"inLanguage\":\"fi\",\"potentialAction\":[{\"@type\":\"ReadAction\",\"target\":[\"https:\/\/www.offext.com\/fi\/tarjouspyynto\/\"]}]},{\"@type\":\"BreadcrumbList\",\"@id\":\"https:\/\/www.offext.com\/fi\/tarjouspyynto\/#breadcrumb\",\"itemListElement\":[{\"@type\":\"ListItem\",\"position\":1,\"name\":\"Etusivu\",\"item\":\"https:\/\/www.offext.com\/fi\/\"},{\"@type\":\"ListItem\",\"position\":2,\"name\":\"Tarjouspyynt\u00f6\"}]},{\"@type\":\"WebSite\",\"@id\":\"https:\/\/www.offext.com\/fi\/#website\",\"url\":\"https:\/\/www.offext.com\/fi\/\",\"name\":\"OFFEXT.COM\",\"description\":\"Tools for Offensive Exterior Firefighting\",\"publisher\":{\"@id\":\"https:\/\/www.offext.com\/fi\/#organization\"},\"potentialAction\":[{\"@type\":\"SearchAction\",\"target\":{\"@type\":\"EntryPoint\",\"urlTemplate\":\"https:\/\/www.offext.com\/fi\/?s={search_term_string}\"},\"query-input\":\"required name=search_term_string\"}],\"inLanguage\":\"fi\"},{\"@type\":\"Organization\",\"@id\":\"https:\/\/www.offext.com\/fi\/#organization\",\"name\":\"OFFEXT.COM\",\"url\":\"https:\/\/www.offext.com\/fi\/\",\"logo\":{\"@type\":\"ImageObject\",\"inLanguage\":\"fi\",\"@id\":\"https:\/\/www.offext.com\/fi\/#\/schema\/logo\/image\/\",\"url\":\"https:\/\/www.offext.com\/fi\/wp-content\/uploads\/sites\/1\/2022\/02\/cropped-Offext_logo10-1.png\",\"contentUrl\":\"https:\/\/www.offext.com\/fi\/wp-content\/uploads\/sites\/1\/2022\/02\/cropped-Offext_logo10-1.png\",\"width\":210,\"height\":46,\"caption\":\"OFFEXT.COM\"},\"image\":{\"@id\":\"https:\/\/www.offext.com\/fi\/#\/schema\/logo\/image\/\"}}]}<\/script>\n<!-- \/ Yoast SEO plugin. -->","yoast_head_json":{"title":"Tarjouspyynt\u00f6 - OFFEXT.COM","robots":{"index":"index","follow":"follow","max-snippet":"max-snippet:-1","max-image-preview":"max-image-preview:large","max-video-preview":"max-video-preview:-1"},"canonical":"https:\/\/www.offext.com\/fi\/tarjouspyynto\/","og_locale":"fi_FI","og_type":"article","og_title":"Tarjouspyynt\u00f6 - OFFEXT.COM","og_description":"Teemme mielell\u00e4mme tarjouksen teid\u00e4n tarpeeseenne. Voitte j\u00e4tt\u00e4\u00e4 pyynn\u00f6n s\u00e4hk\u00f6postitse tekninen.tuki@offext.fi tai soittaa numeroon 040 549 5551. Tarjouspyynn\u00f6n voitte j\u00e4tt\u00e4\u00e4 my\u00f6s t\u00e4ytt\u00e4m\u00e4ll\u00e4 alla olevan lomakkeen. Yritys Yhteyshenkil\u00f6 S\u00e4hk\u00f6posti(*) Puhelin Pyyd\u00e4n tarjousta seuraavista m\u00e4\u00e4rist\u00e4: OFFEXT SKUNK: OFFEXT VIPER: OFFEXT VIPER 800: OFFEXT VIPER Adapter: OFFEXT VIPER Jauheletku: OFFEXT VIPER Service Kit: OFFEXT VIPER Lis\u00e4suutin: OFFEXT VIPER Lis\u00e4suutin,Lue lis\u00e4\u00e4","og_url":"https:\/\/www.offext.com\/fi\/tarjouspyynto\/","og_site_name":"OFFEXT.COM","article_modified_time":"2025-03-22T07:27:07+00:00","twitter_card":"summary_large_image","twitter_misc":{"Arvioitu lukuaika":"1 minuutti"},"schema":{"@context":"https:\/\/schema.org","@graph":[{"@type":"WebPage","@id":"https:\/\/www.offext.com\/fi\/tarjouspyynto\/","url":"https:\/\/www.offext.com\/fi\/tarjouspyynto\/","name":"Tarjouspyynt\u00f6 - OFFEXT.COM","isPartOf":{"@id":"https:\/\/www.offext.com\/fi\/#website"},"datePublished":"2022-08-04T06:47:03+00:00","dateModified":"2025-03-22T07:27:07+00:00","breadcrumb":{"@id":"https:\/\/www.offext.com\/fi\/tarjouspyynto\/#breadcrumb"},"inLanguage":"fi","potentialAction":[{"@type":"ReadAction","target":["https:\/\/www.offext.com\/fi\/tarjouspyynto\/"]}]},{"@type":"BreadcrumbList","@id":"https:\/\/www.offext.com\/fi\/tarjouspyynto\/#breadcrumb","itemListElement":[{"@type":"ListItem","position":1,"name":"Etusivu","item":"https:\/\/www.offext.com\/fi\/"},{"@type":"ListItem","position":2,"name":"Tarjouspyynt\u00f6"}]},{"@type":"WebSite","@id":"https:\/\/www.offext.com\/fi\/#website","url":"https:\/\/www.offext.com\/fi\/","name":"OFFEXT.COM","description":"Tools for Offensive Exterior Firefighting","publisher":{"@id":"https:\/\/www.offext.com\/fi\/#organization"},"potentialAction":[{"@type":"SearchAction","target":{"@type":"EntryPoint","urlTemplate":"https:\/\/www.offext.com\/fi\/?s={search_term_string}"},"query-input":"required name=search_term_string"}],"inLanguage":"fi"},{"@type":"Organization","@id":"https:\/\/www.offext.com\/fi\/#organization","name":"OFFEXT.COM","url":"https:\/\/www.offext.com\/fi\/","logo":{"@type":"ImageObject","inLanguage":"fi","@id":"https:\/\/www.offext.com\/fi\/#\/schema\/logo\/image\/","url":"https:\/\/www.offext.com\/fi\/wp-content\/uploads\/sites\/1\/2022\/02\/cropped-Offext_logo10-1.png","contentUrl":"https:\/\/www.offext.com\/fi\/wp-content\/uploads\/sites\/1\/2022\/02\/cropped-Offext_logo10-1.png","width":210,"height":46,"caption":"OFFEXT.COM"},"image":{"@id":"https:\/\/www.offext.com\/fi\/#\/schema\/logo\/image\/"}}]}},"_links":{"self":[{"href":"https:\/\/www.offext.com\/fi\/wp-json\/wp\/v2\/pages\/344"}],"collection":[{"href":"https:\/\/www.offext.com\/fi\/wp-json\/wp\/v2\/pages"}],"about":[{"href":"https:\/\/www.offext.com\/fi\/wp-json\/wp\/v2\/types\/page"}],"author":[{"embeddable":true,"href":"https:\/\/www.offext.com\/fi\/wp-json\/wp\/v2\/users\/1"}],"replies":[{"embeddable":true,"href":"https:\/\/www.offext.com\/fi\/wp-json\/wp\/v2\/comments?post=344"}],"version-history":[{"count":19,"href":"https:\/\/www.offext.com\/fi\/wp-json\/wp\/v2\/pages\/344\/revisions"}],"predecessor-version":[{"id":515,"href":"https:\/\/www.offext.com\/fi\/wp-json\/wp\/v2\/pages\/344\/revisions\/515"}],"wp:attachment":[{"href":"https:\/\/www.offext.com\/fi\/wp-json\/wp\/v2\/media?parent=344"}],"curies":[{"name":"wp","href":"https:\/\/api.w.org\/{rel}","templated":true}]}}