{"id":549,"date":"2025-10-24T14:12:13","date_gmt":"2025-10-24T14:12:13","guid":{"rendered":"https:\/\/www.offext.com\/fi\/?page_id=549"},"modified":"2026-01-01T12:13:51","modified_gmt":"2026-01-01T12:13:51","slug":"keikkakokemuksia","status":"publish","type":"page","link":"https:\/\/www.offext.com\/fi\/keikkakokemuksia\/","title":{"rendered":"Keikkakokemuksia"},"content":{"rendered":"\n<p>Jaa kokemukset n\u00e4iden ty\u00f6v\u00e4lineiden k\u00e4yt\u00f6st\u00e4 muiden kanssa. Oli se sitten autopalo, rakennuspalo tai vaikka talonpolttoharjoitus, kertynyt kokemus on t\u00e4rke\u00e4\u00e4 ja hy\u00f6dyllist\u00e4 jakaa muillekin.<\/p>\n\n\n\n<p>Miten ty\u00f6kalut toimivat? Miten teht\u00e4v\u00e4 onnistui? Teitk\u00f6 huomioita, joista olisi muillekin hy\u00f6ty\u00e4?<\/p>\n\n\n\n<p><iframe loading=\"lazy\" src=\"https:\/\/docs.google.com\/forms\/d\/e\/1FAIpQLSeupgSgr86fUzQsaPmnW78TTvx4oNf5GHjQBjoXzCvc_7FrhQ\/viewform?embedded=true\" width=\"760\" height=\"1900\" frameborder=\"0\" marginheight=\"0\" marginwidth=\"0\">Loading\u2026<\/iframe><\/p>\n\n\n\n<p><\/p>\n","protected":false},"excerpt":{"rendered":"<p>Jaa kokemukset n\u00e4iden ty\u00f6v\u00e4lineiden k\u00e4yt\u00f6st\u00e4 muiden kanssa. Oli se sitten autopalo, rakennuspalo tai vaikka talonpolttoharjoitus, kertynyt kokemus on t\u00e4rke\u00e4\u00e4 ja hy\u00f6dyllist\u00e4 jakaa muillekin. Miten ty\u00f6kalut toimivat? Miten teht\u00e4v\u00e4 onnistui? Teitk\u00f6 huomioita, joista olisi muillekin hy\u00f6ty\u00e4? Loading\u2026<\/p>\n","protected":false},"author":1,"featured_media":0,"parent":0,"menu_order":0,"comment_status":"closed","ping_status":"closed","template":"","meta":{"footnotes":""},"class_list":["post-549","page","type-page","status-publish","hentry"],"yoast_head":"<!-- This site is optimized with the Yoast SEO plugin v23.2 - https:\/\/yoast.com\/wordpress\/plugins\/seo\/ -->\n<title>Keikkakokemuksia - OFFEXT.COM<\/title>\n<meta name=\"robots\" content=\"index, follow, max-snippet:-1, max-image-preview:large, max-video-preview:-1\" \/>\n<link rel=\"canonical\" href=\"https:\/\/www.offext.com\/fi\/keikkakokemuksia\/\" \/>\n<meta property=\"og:locale\" content=\"fi_FI\" \/>\n<meta property=\"og:type\" content=\"article\" \/>\n<meta property=\"og:title\" content=\"Keikkakokemuksia - OFFEXT.COM\" \/>\n<meta property=\"og:description\" content=\"Jaa kokemukset n\u00e4iden ty\u00f6v\u00e4lineiden k\u00e4yt\u00f6st\u00e4 muiden kanssa. Oli se sitten autopalo, rakennuspalo tai vaikka talonpolttoharjoitus, kertynyt kokemus on t\u00e4rke\u00e4\u00e4 ja hy\u00f6dyllist\u00e4 jakaa muillekin. Miten ty\u00f6kalut toimivat? Miten teht\u00e4v\u00e4 onnistui? Teitk\u00f6 huomioita, joista olisi muillekin hy\u00f6ty\u00e4? Loading\u2026\" \/>\n<meta property=\"og:url\" content=\"https:\/\/www.offext.com\/fi\/keikkakokemuksia\/\" \/>\n<meta property=\"og:site_name\" content=\"OFFEXT.COM\" \/>\n<meta property=\"article:modified_time\" content=\"2026-01-01T12:13:51+00:00\" \/>\n<meta name=\"twitter:card\" content=\"summary_large_image\" \/>\n<meta name=\"twitter:label1\" content=\"Arvioitu lukuaika\" \/>\n\t<meta name=\"twitter:data1\" content=\"1 minuutti\" \/>\n<script type=\"application\/ld+json\" class=\"yoast-schema-graph\">{\"@context\":\"https:\/\/schema.org\",\"@graph\":[{\"@type\":\"WebPage\",\"@id\":\"https:\/\/www.offext.com\/fi\/keikkakokemuksia\/\",\"url\":\"https:\/\/www.offext.com\/fi\/keikkakokemuksia\/\",\"name\":\"Keikkakokemuksia - OFFEXT.COM\",\"isPartOf\":{\"@id\":\"https:\/\/www.offext.com\/fi\/#website\"},\"datePublished\":\"2025-10-24T14:12:13+00:00\",\"dateModified\":\"2026-01-01T12:13:51+00:00\",\"breadcrumb\":{\"@id\":\"https:\/\/www.offext.com\/fi\/keikkakokemuksia\/#breadcrumb\"},\"inLanguage\":\"fi\",\"potentialAction\":[{\"@type\":\"ReadAction\",\"target\":[\"https:\/\/www.offext.com\/fi\/keikkakokemuksia\/\"]}]},{\"@type\":\"BreadcrumbList\",\"@id\":\"https:\/\/www.offext.com\/fi\/keikkakokemuksia\/#breadcrumb\",\"itemListElement\":[{\"@type\":\"ListItem\",\"position\":1,\"name\":\"Etusivu\",\"item\":\"https:\/\/www.offext.com\/fi\/\"},{\"@type\":\"ListItem\",\"position\":2,\"name\":\"Keikkakokemuksia\"}]},{\"@type\":\"WebSite\",\"@id\":\"https:\/\/www.offext.com\/fi\/#website\",\"url\":\"https:\/\/www.offext.com\/fi\/\",\"name\":\"OFFEXT.COM\",\"description\":\"Tools for Offensive Exterior Firefighting\",\"publisher\":{\"@id\":\"https:\/\/www.offext.com\/fi\/#organization\"},\"potentialAction\":[{\"@type\":\"SearchAction\",\"target\":{\"@type\":\"EntryPoint\",\"urlTemplate\":\"https:\/\/www.offext.com\/fi\/?s={search_term_string}\"},\"query-input\":\"required name=search_term_string\"}],\"inLanguage\":\"fi\"},{\"@type\":\"Organization\",\"@id\":\"https:\/\/www.offext.com\/fi\/#organization\",\"name\":\"OFFEXT.COM\",\"url\":\"https:\/\/www.offext.com\/fi\/\",\"logo\":{\"@type\":\"ImageObject\",\"inLanguage\":\"fi\",\"@id\":\"https:\/\/www.offext.com\/fi\/#\/schema\/logo\/image\/\",\"url\":\"https:\/\/www.offext.com\/fi\/wp-content\/uploads\/sites\/1\/2022\/02\/cropped-Offext_logo10-1.png\",\"contentUrl\":\"https:\/\/www.offext.com\/fi\/wp-content\/uploads\/sites\/1\/2022\/02\/cropped-Offext_logo10-1.png\",\"width\":210,\"height\":46,\"caption\":\"OFFEXT.COM\"},\"image\":{\"@id\":\"https:\/\/www.offext.com\/fi\/#\/schema\/logo\/image\/\"}}]}<\/script>\n<!-- \/ Yoast SEO plugin. -->","yoast_head_json":{"title":"Keikkakokemuksia - OFFEXT.COM","robots":{"index":"index","follow":"follow","max-snippet":"max-snippet:-1","max-image-preview":"max-image-preview:large","max-video-preview":"max-video-preview:-1"},"canonical":"https:\/\/www.offext.com\/fi\/keikkakokemuksia\/","og_locale":"fi_FI","og_type":"article","og_title":"Keikkakokemuksia - OFFEXT.COM","og_description":"Jaa kokemukset n\u00e4iden ty\u00f6v\u00e4lineiden k\u00e4yt\u00f6st\u00e4 muiden kanssa. Oli se sitten autopalo, rakennuspalo tai vaikka talonpolttoharjoitus, kertynyt kokemus on t\u00e4rke\u00e4\u00e4 ja hy\u00f6dyllist\u00e4 jakaa muillekin. Miten ty\u00f6kalut toimivat? Miten teht\u00e4v\u00e4 onnistui? Teitk\u00f6 huomioita, joista olisi muillekin hy\u00f6ty\u00e4? Loading\u2026","og_url":"https:\/\/www.offext.com\/fi\/keikkakokemuksia\/","og_site_name":"OFFEXT.COM","article_modified_time":"2026-01-01T12:13:51+00:00","twitter_card":"summary_large_image","twitter_misc":{"Arvioitu lukuaika":"1 minuutti"},"schema":{"@context":"https:\/\/schema.org","@graph":[{"@type":"WebPage","@id":"https:\/\/www.offext.com\/fi\/keikkakokemuksia\/","url":"https:\/\/www.offext.com\/fi\/keikkakokemuksia\/","name":"Keikkakokemuksia - OFFEXT.COM","isPartOf":{"@id":"https:\/\/www.offext.com\/fi\/#website"},"datePublished":"2025-10-24T14:12:13+00:00","dateModified":"2026-01-01T12:13:51+00:00","breadcrumb":{"@id":"https:\/\/www.offext.com\/fi\/keikkakokemuksia\/#breadcrumb"},"inLanguage":"fi","potentialAction":[{"@type":"ReadAction","target":["https:\/\/www.offext.com\/fi\/keikkakokemuksia\/"]}]},{"@type":"BreadcrumbList","@id":"https:\/\/www.offext.com\/fi\/keikkakokemuksia\/#breadcrumb","itemListElement":[{"@type":"ListItem","position":1,"name":"Etusivu","item":"https:\/\/www.offext.com\/fi\/"},{"@type":"ListItem","position":2,"name":"Keikkakokemuksia"}]},{"@type":"WebSite","@id":"https:\/\/www.offext.com\/fi\/#website","url":"https:\/\/www.offext.com\/fi\/","name":"OFFEXT.COM","description":"Tools for Offensive Exterior Firefighting","publisher":{"@id":"https:\/\/www.offext.com\/fi\/#organization"},"potentialAction":[{"@type":"SearchAction","target":{"@type":"EntryPoint","urlTemplate":"https:\/\/www.offext.com\/fi\/?s={search_term_string}"},"query-input":"required name=search_term_string"}],"inLanguage":"fi"},{"@type":"Organization","@id":"https:\/\/www.offext.com\/fi\/#organization","name":"OFFEXT.COM","url":"https:\/\/www.offext.com\/fi\/","logo":{"@type":"ImageObject","inLanguage":"fi","@id":"https:\/\/www.offext.com\/fi\/#\/schema\/logo\/image\/","url":"https:\/\/www.offext.com\/fi\/wp-content\/uploads\/sites\/1\/2022\/02\/cropped-Offext_logo10-1.png","contentUrl":"https:\/\/www.offext.com\/fi\/wp-content\/uploads\/sites\/1\/2022\/02\/cropped-Offext_logo10-1.png","width":210,"height":46,"caption":"OFFEXT.COM"},"image":{"@id":"https:\/\/www.offext.com\/fi\/#\/schema\/logo\/image\/"}}]}},"_links":{"self":[{"href":"https:\/\/www.offext.com\/fi\/wp-json\/wp\/v2\/pages\/549"}],"collection":[{"href":"https:\/\/www.offext.com\/fi\/wp-json\/wp\/v2\/pages"}],"about":[{"href":"https:\/\/www.offext.com\/fi\/wp-json\/wp\/v2\/types\/page"}],"author":[{"embeddable":true,"href":"https:\/\/www.offext.com\/fi\/wp-json\/wp\/v2\/users\/1"}],"replies":[{"embeddable":true,"href":"https:\/\/www.offext.com\/fi\/wp-json\/wp\/v2\/comments?post=549"}],"version-history":[{"count":4,"href":"https:\/\/www.offext.com\/fi\/wp-json\/wp\/v2\/pages\/549\/revisions"}],"predecessor-version":[{"id":555,"href":"https:\/\/www.offext.com\/fi\/wp-json\/wp\/v2\/pages\/549\/revisions\/555"}],"wp:attachment":[{"href":"https:\/\/www.offext.com\/fi\/wp-json\/wp\/v2\/media?parent=549"}],"curies":[{"name":"wp","href":"https:\/\/api.w.org\/{rel}","templated":true}]}}