{"id":203,"date":"2022-03-06T12:55:40","date_gmt":"2022-03-06T10:55:40","guid":{"rendered":"https:\/\/www.offext.com\/?page_id=203"},"modified":"2024-03-23T08:48:01","modified_gmt":"2024-03-23T08:48:01","slug":"offext-viper","status":"publish","type":"page","link":"https:\/\/www.offext.com\/se\/offext-viper\/","title":{"rendered":"OFFEXT Viper"},"content":{"rendered":"\n<p>Riktbara sprutmunstycken har alltid haft en s\u00e4rskild plats vid sl\u00e4ckning utifr\u00e5n. Nu har konceptet anpassats till 2000-talet med det nya OFFEXT Viper riktbara sprutmunstycket. Ett traditionellt sprutmunstycke n\u00e5r endast en br\u00e5kdel av det brinnande rummets utrymme och br\u00e4nnbara (pyrolyserbara) ytor. Med det riktbara munstycket kan sl\u00e4ckmedlet effektivt n\u00e5 dit det beh\u00f6vs. <\/p>\n\n\n\n<p><\/p>\n\n\n<div class=\"wp-block-image\">\n<figure class=\"aligncenter size-large is-resized\"><img decoding=\"async\" src=\"http:\/\/www.offext.com\/wp-content\/uploads\/sites\/2\/2023\/01\/VIPER-suihku-1024x212.png\" alt=\"\" style=\"width:839px;height:auto\"\/><\/figure><\/div>\n\n\n<p>OFFEXT VIPER \u00e4r en riktbar sprutmunstycke d\u00e4r antingen vatten eller pulver kan anv\u00e4ndas som sl\u00e4ckmedel. VIPER-munstycken finns i tv\u00e5 l\u00e4ngder, varav den l\u00e4ngre n\u00e5r v\u00e4l genom isoleringen i mellanv\u00e5ningen till vinden, medan den kortare \u00e4r mycket praktisk f\u00f6r sl\u00e4ckning utifr\u00e5n<\/p>\n\n\n\n<p><\/p>\n\n\n<div class=\"wp-block-image\">\n<figure class=\"aligncenter size-large\"><img decoding=\"async\" src=\"https:\/\/www.offext.com\/wp-content\/uploads\/sites\/2\/2023\/01\/VIPER-putket-1024x374.png\" alt=\"\"\/><\/figure><\/div>\n\n\n<p>Viper \u00e4r en \u00e5terkomst av sprutmunstycket d\u00e4r den st\u00f6rsta problemet med tidigare produkter har l\u00f6sts, n\u00e4mligen riktningen av sl\u00e4ckmedlet. Med en traditionell sprutmunstycke kan sl\u00e4ckning endast n\u00e5 sm\u00e5 delar av br\u00e4nnbara ytor i det brinnande utrymmet, vilket g\u00f6r sl\u00e4ckningen ineffektiv. Med OFFEXT Viper-munstycket kan hela rummet sl\u00e4ckas genom ett enda h\u00e5l. Produkten \u00e4r s\u00e4rskilt effektiv f\u00f6r sl\u00e4ckning av olika slags h\u00e5lbr\u00e4nder, som isolering i mellanv\u00e5ningen.<\/p>\n\n\n\n<p><\/p>\n\n\n\n<div class=\"wp-block-columns is-layout-flex wp-container-core-columns-is-layout-1 wp-block-columns-is-layout-flex\">\n<div class=\"wp-block-column is-layout-flow wp-block-column-is-layout-flow\">\n<figure class=\"wp-block-embed is-type-video is-provider-youtube wp-block-embed-youtube wp-embed-aspect-16-9 wp-has-aspect-ratio\"><div class=\"wp-block-embed__wrapper\">\n<iframe loading=\"lazy\" title=\"OFFEXT VIPER\" width=\"696\" height=\"392\" src=\"https:\/\/www.youtube.com\/embed\/A32dE_9kOfg?feature=oembed\" frameborder=\"0\" allow=\"accelerometer; autoplay; clipboard-write; encrypted-media; gyroscope; picture-in-picture; web-share\" allowfullscreen><\/iframe>\n<\/div><figcaption class=\"wp-element-caption\">Sl\u00e4ckning av l\u00e4genhetsbrand<\/figcaption><\/figure>\n<\/div>\n\n\n\n<div class=\"wp-block-column is-layout-flow wp-block-column-is-layout-flow\">\n<figure class=\"wp-block-embed is-type-video is-provider-youtube wp-block-embed-youtube wp-embed-aspect-16-9 wp-has-aspect-ratio\"><div class=\"wp-block-embed__wrapper\">\n<iframe loading=\"lazy\" title=\"OffextViper en\" width=\"696\" height=\"392\" src=\"https:\/\/www.youtube.com\/embed\/pj7cN3BbkVM?feature=oembed\" frameborder=\"0\" allow=\"accelerometer; autoplay; clipboard-write; encrypted-media; gyroscope; picture-in-picture; web-share\" allowfullscreen><\/iframe>\n<\/div><figcaption class=\"wp-element-caption\">How to use the VIPER<\/figcaption><\/figure>\n<\/div>\n<\/div>\n\n\n\n<p>Effektiv sl\u00e4ckning med pulver<\/p>\n\n\n\n<p>Med hj\u00e4lp av en domkraft, som till exempel RH Pusher, kan munstycket tr\u00e4nga igenom till en \u00f6verv\u00e5ning och f\u00e4stas i taket. P\u00e5 s\u00e5 s\u00e4tt kan det anv\u00e4ndas utan att beh\u00f6va st\u00f6dja munstycket p\u00e5 plats. Se <a href=\"https:\/\/youtu.be\/Mms9FejRH1A\">VIDEON<\/a> f\u00f6r instruktioner om hur man anv\u00e4nder munstycket.<\/p>\n\n\n\n<p><\/p>\n\n\n<div class=\"wp-block-image\">\n<figure class=\"aligncenter size-large is-resized\"><img decoding=\"async\" src=\"http:\/\/www.offext.com\/se\/wp-content\/uploads\/sites\/2\/2022\/03\/VIPER_RHPUSHER.png\" alt=\"\" style=\"aspect-ratio:1;width:665px;height:auto\"\/><figcaption class=\"wp-element-caption\">F\u00f6r att s\u00e4kra OFFEXT VIPER-piercingmunstycket i taket, se hela videon <a href=\"https:\/\/youtu.be\/Mms9FejRH1A\">h\u00e4r<\/a>!<\/figcaption><\/figure><\/div>\n\n\n<h2 class=\"wp-block-heading\">Adapter f\u00f6r RH Pusher <\/h2>\n\n\n\n<p>VIPER kan utrustas med en RH Pusher-adapter, som g\u00f6r det m\u00f6jligt att s\u00e4kra VIPER p\u00e5 en yta, som taket. Med hj\u00e4lp av adaptern kan spetsmunstycket anv\u00e4ndas utan att beh\u00f6va st\u00f6dja det. Se <a href=\"https:\/\/youtu.be\/tvR1T3m_J4U\">VIDEON<\/a>!<\/p>\n\n\n\n<p><\/p>\n\n\n<div class=\"wp-block-image\">\n<figure class=\"aligncenter size-large\"><img decoding=\"async\" src=\"https:\/\/www.offext.fi\/wp-content\/uploads\/2022\/09\/PusherImages-1-682x1024.png\" alt=\"\" class=\"wp-image-383\"\/><figcaption class=\"wp-element-caption\">RH Puher-adaptern passar direkt till RH Pusher rescue edition (v\u00e4nster bild) och inga extra delar beh\u00f6vs. I lumber jack edition (h\u00f6ger bild) kan inga extra delar anslutas till f\u00f6rl\u00e4ngningsr\u00f6ret, s\u00e5 ett extra f\u00f6rl\u00e4ngningsr\u00f6r (produkt 100206) b\u00f6r anv\u00e4ndas. <br> <\/figcaption><\/figure><\/div>\n\n\n<figure class=\"wp-block-image size-large\"><img decoding=\"async\" src=\"https:\/\/www.offext.fi\/wp-content\/uploads\/2022\/09\/pusher_adapter-1024x243.png\" alt=\"\" class=\"wp-image-388\"\/><figcaption class=\"wp-element-caption\">VIPER-adaptern (produkt 100185) och VIPER-adapterr\u00f6ret (produkt 100206) kr\u00e4vs f\u00f6r vissa modeller av RH pusher.<\/figcaption><\/figure>\n\n\n\n<h2 class=\"wp-block-heading\">Pulver slang<\/h2>\n\n\n\n<p>VIPER-spiken kan ocks\u00e5 anv\u00e4ndas med pulver. P\u00e5 grund av det roterande munstycket kan pulvret spridas mycket <a href=\"https:\/\/youtu.be\/QImE0vXxUGU\">effektivare<\/a> \u00e4n med en fast pulverspik. Den speciellt utformade pulverkabeln \u00e4r ansluten direkt till brandsl\u00e4ckaren. Detta garanterar en s\u00e4ker anslutning. Den 1,5 meter l\u00e5nga slangen g\u00f6r arbetet enkelt, eftersom det inte beh\u00f6vs st\u00f6d f\u00f6r brandsl\u00e4ckaren och b\u00e5da h\u00e4nderna \u00e4r fria f\u00f6r att hantera munstycket.<\/p>\n\n\n\n<p><\/p>\n\n\n\n<div class=\"wp-block-columns is-layout-flex wp-container-core-columns-is-layout-2 wp-block-columns-is-layout-flex\">\n<div class=\"wp-block-column is-layout-flow wp-block-column-is-layout-flow\">\n<figure class=\"wp-block-image size-large\"><img decoding=\"async\" src=\"https:\/\/www.offext.fi\/wp-content\/uploads\/2022\/09\/c8865abd-fa67-4aca-9f62-8869729ab696-768x1024.jpg\" alt=\"\" class=\"wp-image-384\"\/><\/figure>\n<\/div>\n\n\n\n<div class=\"wp-block-column is-layout-flow wp-block-column-is-layout-flow\">\n<figure class=\"wp-block-image size-large\"><img decoding=\"async\" src=\"https:\/\/www.offext.fi\/wp-content\/uploads\/2022\/09\/b227383b-e1f7-4f30-9773-9c68d2af4b7b-768x1024.jpg\" alt=\"\" class=\"wp-image-385\"\/><\/figure>\n<\/div>\n<\/div>\n\n\n\n<h2 class=\"wp-block-heading has-text-align-center\"><a href=\"http:\/\/www.offext.com\/wp-content\/uploads\/sites\/2\/2023\/03\/OFFEXT-VIPER-piercing-nozzle-EN.pdf\"><\/a><a href=\"http:\/\/www.offext.com\/wp-content\/uploads\/sites\/2\/2022\/03\/OFFEXT_VIPER_SE.pdf\">Ladda ner produktbroschyren<\/a>!<\/h2>\n\n\n\n<div class=\"wp-block-columns is-layout-flex wp-container-core-columns-is-layout-3 wp-block-columns-is-layout-flex\">\n<div class=\"wp-block-column is-layout-flow wp-block-column-is-layout-flow\">\n<div class=\"wp-block-buttons is-layout-flex wp-block-buttons-is-layout-flex\">\n<div class=\"wp-block-button aligncenter\"><a class=\"wp-block-button__link has-cyan-bluish-gray-color has-vivid-red-background-color has-text-color has-background wp-element-button\" href=\"https:\/\/www.offext.com\/lisatietoja\/\">Ytterligare information<\/a><\/div>\n<\/div>\n<\/div>\n\n\n\n<div class=\"wp-block-column is-layout-flow wp-block-column-is-layout-flow\">\n<div class=\"wp-block-buttons is-layout-flex wp-block-buttons-is-layout-flex\">\n<div class=\"wp-block-button aligncenter\"><a class=\"wp-block-button__link has-cyan-bluish-gray-color has-vivid-red-background-color has-text-color has-background wp-element-button\" href=\"https:\/\/www.offext.com\/tarjouspyynto\/\">Beg\u00e4r en offert<\/a><\/div>\n<\/div>\n<\/div>\n<\/div>\n\n\n\n<h2 class=\"wp-block-heading has-text-align-center\">Schematiska bilder<\/h2>\n\n\n\n<div class=\"wp-block-columns is-layout-flex wp-container-core-columns-is-layout-4 wp-block-columns-is-layout-flex\">\n<div class=\"wp-block-column is-layout-flow wp-block-column-is-layout-flow\">\n<p class=\"has-text-align-center\"><a href=\"https:\/\/www.offext.fi\/wp-content\/uploads\/2022\/07\/MittakuvaVIPER.png\">Kort VIPER spikmunstycke<\/a><\/p>\n<\/div>\n\n\n\n<div class=\"wp-block-column is-layout-flow wp-block-column-is-layout-flow\">\n<p class=\"has-text-align-center\"><a href=\"https:\/\/www.offext.fi\/wp-content\/uploads\/2022\/07\/MittakuvaVIPER800.png\">L\u00e5ng VIPER 800 spikmunstycke<\/a><\/p>\n<\/div>\n<\/div>\n\n\n\n<p>OFFEXT-produkter \u00e4r 100% designade och tillverkade i Finland. Produktutbudet har ett gemensamt m\u00e5l att g\u00f6ra brandbek\u00e4mpning enklare, snabbare och h\u00e4lsosammare. Genom att anv\u00e4nda OFFEXT-produkter minskar exponeringen f\u00f6r cancerframkallande \u00e4mnen i r\u00f6ken dramatiskt och h\u00e5ller v\u00e5ra brandm\u00e4n friska.<\/p>\n","protected":false},"excerpt":{"rendered":"<p>Riktbara sprutmunstycken har alltid haft en s\u00e4rskild plats vid sl\u00e4ckning utifr\u00e5n. Nu har konceptet anpassats till 2000-talet med det nya OFFEXT Viper riktbara sprutmunstycket. Ett traditionellt sprutmunstycke n\u00e5r endast en br\u00e5kdel av det brinnande rummets utrymme och br\u00e4nnbara (pyrolyserbara) ytor. Med det riktbara munstycket kan sl\u00e4ckmedlet effektivt n\u00e5 dit det beh\u00f6vs. OFFEXT VIPER \u00e4r en<\/p><\/div>\n<div class=\"blog-btn\"><a href=\"https:\/\/www.offext.com\/se\/offext-viper\/\" class=\"home-blog-btn\">L\u00e4s mer<\/a><\/p>\n","protected":false},"author":1,"featured_media":0,"parent":0,"menu_order":0,"comment_status":"closed","ping_status":"closed","template":"template\/template-page-full-width.php","meta":{"footnotes":""},"class_list":["post-203","page","type-page","status-publish","hentry"],"yoast_head":"<!-- This site is optimized with the Yoast SEO plugin v23.2 - https:\/\/yoast.com\/wordpress\/plugins\/seo\/ -->\n<title>OFFEXT Viper - OFFEXT<\/title>\n<meta name=\"description\" content=\"OFFEXT VIPER on suunnatta pistosuihkuputki tulipalon tehokkaaseen sammuttamiseen tilan ulkopuolelta\" \/>\n<meta name=\"robots\" content=\"index, follow, max-snippet:-1, max-image-preview:large, max-video-preview:-1\" \/>\n<link rel=\"canonical\" href=\"https:\/\/www.offext.com\/se\/offext-viper\/\" \/>\n<meta property=\"og:locale\" content=\"sv_SE\" \/>\n<meta property=\"og:type\" content=\"article\" \/>\n<meta property=\"og:title\" content=\"OFFEXT Viper - OFFEXT\" \/>\n<meta property=\"og:description\" content=\"OFFEXT VIPER on suunnatta pistosuihkuputki tulipalon tehokkaaseen sammuttamiseen tilan ulkopuolelta\" \/>\n<meta property=\"og:url\" content=\"https:\/\/www.offext.com\/se\/offext-viper\/\" \/>\n<meta property=\"og:site_name\" content=\"OFFEXT\" \/>\n<meta property=\"article:modified_time\" content=\"2024-03-23T08:48:01+00:00\" \/>\n<meta property=\"og:image\" content=\"http:\/\/www.offext.com\/wp-content\/uploads\/sites\/2\/2023\/01\/VIPER-suihku-1024x212.png\" \/>\n<meta name=\"twitter:card\" content=\"summary_large_image\" \/>\n<meta name=\"twitter:label1\" content=\"Ber\u00e4knad l\u00e4stid\" \/>\n\t<meta name=\"twitter:data1\" content=\"4 minuter\" \/>\n<script type=\"application\/ld+json\" class=\"yoast-schema-graph\">{\"@context\":\"https:\/\/schema.org\",\"@graph\":[{\"@type\":\"WebPage\",\"@id\":\"https:\/\/www.offext.com\/se\/offext-viper\/\",\"url\":\"https:\/\/www.offext.com\/se\/offext-viper\/\",\"name\":\"OFFEXT Viper - OFFEXT\",\"isPartOf\":{\"@id\":\"https:\/\/www.offext.com\/se\/#website\"},\"primaryImageOfPage\":{\"@id\":\"https:\/\/www.offext.com\/se\/offext-viper\/#primaryimage\"},\"image\":{\"@id\":\"https:\/\/www.offext.com\/se\/offext-viper\/#primaryimage\"},\"thumbnailUrl\":\"http:\/\/www.offext.com\/wp-content\/uploads\/sites\/2\/2023\/01\/VIPER-suihku-1024x212.png\",\"datePublished\":\"2022-03-06T10:55:40+00:00\",\"dateModified\":\"2024-03-23T08:48:01+00:00\",\"description\":\"OFFEXT VIPER on suunnatta pistosuihkuputki tulipalon tehokkaaseen sammuttamiseen tilan ulkopuolelta\",\"breadcrumb\":{\"@id\":\"https:\/\/www.offext.com\/se\/offext-viper\/#breadcrumb\"},\"inLanguage\":\"sv-SE\",\"potentialAction\":[{\"@type\":\"ReadAction\",\"target\":[\"https:\/\/www.offext.com\/se\/offext-viper\/\"]}]},{\"@type\":\"ImageObject\",\"inLanguage\":\"sv-SE\",\"@id\":\"https:\/\/www.offext.com\/se\/offext-viper\/#primaryimage\",\"url\":\"http:\/\/www.offext.com\/wp-content\/uploads\/sites\/2\/2023\/01\/VIPER-suihku-1024x212.png\",\"contentUrl\":\"http:\/\/www.offext.com\/wp-content\/uploads\/sites\/2\/2023\/01\/VIPER-suihku-1024x212.png\"},{\"@type\":\"BreadcrumbList\",\"@id\":\"https:\/\/www.offext.com\/se\/offext-viper\/#breadcrumb\",\"itemListElement\":[{\"@type\":\"ListItem\",\"position\":1,\"name\":\"Home\",\"item\":\"https:\/\/www.offext.com\/se\/\"},{\"@type\":\"ListItem\",\"position\":2,\"name\":\"OFFEXT Viper\"}]},{\"@type\":\"WebSite\",\"@id\":\"https:\/\/www.offext.com\/se\/#website\",\"url\":\"https:\/\/www.offext.com\/se\/\",\"name\":\"OFFEXT\",\"description\":\"\",\"potentialAction\":[{\"@type\":\"SearchAction\",\"target\":{\"@type\":\"EntryPoint\",\"urlTemplate\":\"https:\/\/www.offext.com\/se\/?s={search_term_string}\"},\"query-input\":\"required name=search_term_string\"}],\"inLanguage\":\"sv-SE\"}]}<\/script>\n<!-- \/ Yoast SEO plugin. -->","yoast_head_json":{"title":"OFFEXT Viper - OFFEXT","description":"OFFEXT VIPER on suunnatta pistosuihkuputki tulipalon tehokkaaseen sammuttamiseen tilan ulkopuolelta","robots":{"index":"index","follow":"follow","max-snippet":"max-snippet:-1","max-image-preview":"max-image-preview:large","max-video-preview":"max-video-preview:-1"},"canonical":"https:\/\/www.offext.com\/se\/offext-viper\/","og_locale":"sv_SE","og_type":"article","og_title":"OFFEXT Viper - OFFEXT","og_description":"OFFEXT VIPER on suunnatta pistosuihkuputki tulipalon tehokkaaseen sammuttamiseen tilan ulkopuolelta","og_url":"https:\/\/www.offext.com\/se\/offext-viper\/","og_site_name":"OFFEXT","article_modified_time":"2024-03-23T08:48:01+00:00","og_image":[{"url":"http:\/\/www.offext.com\/wp-content\/uploads\/sites\/2\/2023\/01\/VIPER-suihku-1024x212.png"}],"twitter_card":"summary_large_image","twitter_misc":{"Ber\u00e4knad l\u00e4stid":"4 minuter"},"schema":{"@context":"https:\/\/schema.org","@graph":[{"@type":"WebPage","@id":"https:\/\/www.offext.com\/se\/offext-viper\/","url":"https:\/\/www.offext.com\/se\/offext-viper\/","name":"OFFEXT Viper - OFFEXT","isPartOf":{"@id":"https:\/\/www.offext.com\/se\/#website"},"primaryImageOfPage":{"@id":"https:\/\/www.offext.com\/se\/offext-viper\/#primaryimage"},"image":{"@id":"https:\/\/www.offext.com\/se\/offext-viper\/#primaryimage"},"thumbnailUrl":"http:\/\/www.offext.com\/wp-content\/uploads\/sites\/2\/2023\/01\/VIPER-suihku-1024x212.png","datePublished":"2022-03-06T10:55:40+00:00","dateModified":"2024-03-23T08:48:01+00:00","description":"OFFEXT VIPER on suunnatta pistosuihkuputki tulipalon tehokkaaseen sammuttamiseen tilan ulkopuolelta","breadcrumb":{"@id":"https:\/\/www.offext.com\/se\/offext-viper\/#breadcrumb"},"inLanguage":"sv-SE","potentialAction":[{"@type":"ReadAction","target":["https:\/\/www.offext.com\/se\/offext-viper\/"]}]},{"@type":"ImageObject","inLanguage":"sv-SE","@id":"https:\/\/www.offext.com\/se\/offext-viper\/#primaryimage","url":"http:\/\/www.offext.com\/wp-content\/uploads\/sites\/2\/2023\/01\/VIPER-suihku-1024x212.png","contentUrl":"http:\/\/www.offext.com\/wp-content\/uploads\/sites\/2\/2023\/01\/VIPER-suihku-1024x212.png"},{"@type":"BreadcrumbList","@id":"https:\/\/www.offext.com\/se\/offext-viper\/#breadcrumb","itemListElement":[{"@type":"ListItem","position":1,"name":"Home","item":"https:\/\/www.offext.com\/se\/"},{"@type":"ListItem","position":2,"name":"OFFEXT Viper"}]},{"@type":"WebSite","@id":"https:\/\/www.offext.com\/se\/#website","url":"https:\/\/www.offext.com\/se\/","name":"OFFEXT","description":"","potentialAction":[{"@type":"SearchAction","target":{"@type":"EntryPoint","urlTemplate":"https:\/\/www.offext.com\/se\/?s={search_term_string}"},"query-input":"required name=search_term_string"}],"inLanguage":"sv-SE"}]}},"_links":{"self":[{"href":"https:\/\/www.offext.com\/se\/wp-json\/wp\/v2\/pages\/203"}],"collection":[{"href":"https:\/\/www.offext.com\/se\/wp-json\/wp\/v2\/pages"}],"about":[{"href":"https:\/\/www.offext.com\/se\/wp-json\/wp\/v2\/types\/page"}],"author":[{"embeddable":true,"href":"https:\/\/www.offext.com\/se\/wp-json\/wp\/v2\/users\/1"}],"replies":[{"embeddable":true,"href":"https:\/\/www.offext.com\/se\/wp-json\/wp\/v2\/comments?post=203"}],"version-history":[{"count":5,"href":"https:\/\/www.offext.com\/se\/wp-json\/wp\/v2\/pages\/203\/revisions"}],"predecessor-version":[{"id":452,"href":"https:\/\/www.offext.com\/se\/wp-json\/wp\/v2\/pages\/203\/revisions\/452"}],"wp:attachment":[{"href":"https:\/\/www.offext.com\/se\/wp-json\/wp\/v2\/media?parent=203"}],"curies":[{"name":"wp","href":"https:\/\/api.w.org\/{rel}","templated":true}]}}