{"id":208,"date":"2022-02-18T22:15:16","date_gmt":"2022-02-18T20:15:16","guid":{"rendered":"http:\/\/www.offext.com\/?page_id=2"},"modified":"2024-03-23T11:32:36","modified_gmt":"2024-03-23T11:32:36","slug":"skunk","status":"publish","type":"page","link":"https:\/\/www.offext.com\/se\/skunk\/","title":{"rendered":"OFFEXT Skunk"},"content":{"rendered":"\n<p><\/p>\n\n\n\n<p>OFFEXT Skunk \u00e4r en armmunstycke med en filosofi d\u00e4r sl\u00e4ckmedlet (vatten) placeras d\u00e4r (i taket) v\u00e4rmen finns. Vattnet riktas d\u00e4rmed mycket effektivt mot den varma gaslagret och pyrolysytande ytor. Det \u00e4r ingen mening att l\u00e4gga vatten p\u00e5 golvet som \u00e4r den svalaste delen av utrymmet.<\/p>\n\n\n\n<p><\/p>\n\n\n\n<p class=\"has-text-align-center\"><a href=\"https:\/\/www.youtube.com\/watch?v=_vkS3zFWj-s\">The Arm nozzle testvideo &#8211; YouTube<\/a><\/p>\n\n\n\n<p><\/p>\n\n\n<div class=\"wp-block-image is-resized\">\n<figure class=\"aligncenter size-large\"><img decoding=\"async\" src=\"http:\/\/www.offext.com\/wp-content\/uploads\/sites\/2\/2022\/12\/Sammutushyokkays_Video.png\" alt=\"\"\/><\/figure><\/div>\n\n\n<p><\/p>\n\n\n\n<p>OFFEXT SKUNK har tv\u00e5 sl\u00e4ckhuvuden, ett f\u00f6r strukturbr\u00e4nder (husbr\u00e4nder) och ett annat f\u00f6r batteribr\u00e4nder i elbilar. Sl\u00e4ckhuvudet \u00e4r f\u00e4st p\u00e5 arbetsarmen. En eller tv\u00e5 f\u00f6rl\u00e4ngningsarmar kan anv\u00e4ndas vid behov. Se en <a href=\"https:\/\/youtu.be\/i-608VPp9L4\">instruktionsvideo <\/a>om hur man anv\u00e4nder SKUNK.<\/p>\n\n\n\n<p><\/p>\n\n\n\n<p><\/p>\n\n\n\n<div class=\"wp-block-columns is-layout-flex wp-container-core-columns-is-layout-1 wp-block-columns-is-layout-flex\">\n<div class=\"wp-block-column is-layout-flow wp-block-column-is-layout-flow\">\n<h2 class=\"wp-block-heading\">Batteribr\u00e4nder i elbilar<\/h2>\n\n\n\n<p>Att sl\u00e4cka en elbilsbrand \u00e4r ingen enkel uppgift. Personalen kan vara starkt exponerad f\u00f6r de giftiga \u00e4mnena i en litiumjonbatteribrand. OFFEXT SKUNK EV-armen \u00e4r en l\u00f6sning f\u00f6r extern kylning av batteriet som minimerar den tid som beh\u00f6vs f\u00f6r att vistas n\u00e4ra det brinnande fordonet. Titta p\u00e5 en <a href=\"https:\/\/youtu.be\/8mvwpQ8abcw\">video <\/a>fr\u00e5n en simulator f\u00f6r elbilsbatteribr\u00e4nder.<\/p>\n\n\n\n<p><\/p>\n<\/div>\n\n\n\n<div class=\"wp-block-column is-layout-flow wp-block-column-is-layout-flow\">\n<p><\/p>\n\n\n\n<p><\/p>\n\n\n<div class=\"wp-block-image is-resized\">\n<figure class=\"aligncenter size-large\"><img decoding=\"async\" src=\"http:\/\/www.offext.com\/wp-content\/uploads\/sites\/2\/2022\/12\/EV_SKUNK_Simulator.jpg\" alt=\"\"\/><\/figure><\/div><\/div>\n<\/div>\n\n\n\n<h2 class=\"wp-block-heading\">SKUNK-komponenterna<\/h2>\n\n\n\n<div class=\"wp-block-columns is-layout-flex wp-container-core-columns-is-layout-2 wp-block-columns-is-layout-flex\">\n<div class=\"wp-block-column is-layout-flow wp-block-column-is-layout-flow\" style=\"flex-basis:33.33%\">\n<p>1. Munstyckeshuvud OFFEXT SKUNK f\u00f6r struktur- och husbr\u00e4nder<\/p>\n\n\n\n<p>2. Munstyckeshuvud OFFEXT SKUNK EV f\u00f6r att kyla batteriet vid en elbilsbatteribrand<\/p>\n\n\n\n<p>3. Tv\u00e5 f\u00f6rl\u00e4ngningsarmar<\/p>\n\n\n\n<p>4. Avst\u00e4ngningsventil<\/p>\n\n\n\n<p>5. Arbetsarm med arbetsventil<\/p>\n\n\n\n<p><\/p>\n<\/div>\n\n\n\n<div class=\"wp-block-column is-layout-flow wp-block-column-is-layout-flow\" style=\"flex-basis:66.66%\">\n<figure class=\"wp-block-image size-large\"><img decoding=\"async\" src=\"https:\/\/www.offext.com\/wp-content\/uploads\/sites\/2\/2023\/01\/Kuva2-1.png\" alt=\"\"\/><\/figure>\n\n\n\n<p>Delar av OFFEXT SKUNK-armmunstycket<\/p>\n<\/div>\n<\/div>\n\n\n\n<div class=\"wp-block-columns is-layout-flex wp-container-core-columns-is-layout-3 wp-block-columns-is-layout-flex\">\n<div class=\"wp-block-column is-layout-flow wp-block-column-is-layout-flow\">\n<p><a href=\"http:\/\/www.offext.fi\/wp-content\/uploads\/2022\/02\/mitat1.png\">Schematisk bild av arbetsarm<\/a><\/p>\n<\/div>\n\n\n\n<div class=\"wp-block-column is-layout-flow wp-block-column-is-layout-flow\">\n<p><a href=\"http:\/\/www.offext.fi\/wp-content\/uploads\/2022\/02\/mitat1_5-1.png\">Schematisk bild av sl\u00e4ckningsarm<\/a><\/p>\n<\/div>\n\n\n\n<div class=\"wp-block-column is-layout-flow wp-block-column-is-layout-flow\">\n<p><a href=\"http:\/\/www.offext.fi\/wp-content\/uploads\/2022\/02\/mitat2.png\">Schematisk bild av EV-sl\u00e4ckningsarm<\/a><\/p>\n<\/div>\n\n\n\n<div class=\"wp-block-column is-layout-flow wp-block-column-is-layout-flow\">\n<p><a href=\"http:\/\/www.offext.fi\/wp-content\/uploads\/2022\/02\/mitat3.png\"> Schematisk bild av f\u00f6rl\u00e4ngningsarm<\/a><\/p>\n<\/div>\n<\/div>\n\n\n\n<hr class=\"wp-block-separator has-alpha-channel-opacity\"\/>\n\n\n\n<p class=\"has-text-align-center\"><strong><a href=\"http:\/\/www.offext.com\/wp-content\/uploads\/sites\/2\/2023\/03\/OFFEXT_SKUNK_SE.pdf\">Ladda ner produktbroschyren!<\/a><\/strong><\/p>\n\n\n\n<div class=\"wp-block-columns is-layout-flex wp-container-core-columns-is-layout-4 wp-block-columns-is-layout-flex\">\n<div class=\"wp-block-column is-layout-flow wp-block-column-is-layout-flow\">\n<div class=\"wp-block-buttons is-layout-flex wp-block-buttons-is-layout-flex\">\n<div class=\"wp-block-button aligncenter\"><a class=\"wp-block-button__link has-cyan-bluish-gray-color has-vivid-red-background-color has-text-color has-background wp-element-button\" href=\"https:\/\/www.offext.com\/lisatietoja\/\">Ytterligare information <\/a><\/div>\n<\/div>\n<\/div>\n\n\n\n<div class=\"wp-block-column is-layout-flow wp-block-column-is-layout-flow\">\n<div class=\"wp-block-buttons is-layout-flex wp-block-buttons-is-layout-flex\">\n<div class=\"wp-block-button aligncenter\"><a class=\"wp-block-button__link has-cyan-bluish-gray-color has-vivid-red-background-color has-text-color has-background wp-element-button\" href=\"https:\/\/www.offext.com\/tarjouspyynto\/\">Beg\u00e4r en offert<\/a><\/div>\n<\/div>\n<\/div>\n<\/div>\n\n\n\n<p>N\u00e4r hotad sprutar skunken probleml\u00f6sande v\u00e4tska fr\u00e5n sin bakkropp. Ett smart djur, v\u00e4rt att imitera.<\/p>\n\n\n\n<blockquote class=\"wp-block-quote has-text-align-center is-layout-flow wp-block-quote-is-layout-flow\">\n<p><em>Skunkar \u00e4r d\u00e4ggdjur i familjen Mephitidae. De \u00e4r k\u00e4nda f\u00f6r sin f\u00f6rm\u00e5ga att spruta en v\u00e4tska med en stark, obehaglig doft fr\u00e5n sina analk\u00f6rtlar. Olika arter av skunk varierar i utseende fr\u00e5n svart-vitt till brunt, kr\u00e4migt eller ingef\u00e4rsf\u00e4rgat, men alla har varningsf\u00e4rgning.<\/em><\/p>\n<cite>Wikipedia<\/cite><\/blockquote>\n\n\n\n<div class=\"wp-block-columns is-layout-flex wp-container-core-columns-is-layout-5 wp-block-columns-is-layout-flex\">\n<div class=\"wp-block-column is-layout-flow wp-block-column-is-layout-flow\">\n<p>OFFEXT-produkter \u00e4r 100% designade och tillverkade i Finland. Produktutbudet har som gemensamt m\u00e5l att g\u00f6ra brandbek\u00e4mpning enklare, snabbare och h\u00e4lsosammare. Genom att anv\u00e4nda OFFEXT-produkter minskar exponeringen f\u00f6r cancerframkallande \u00e4mnen i r\u00f6k dramatiskt och h\u00e5ller v\u00e5ra brandm\u00e4n friska.<\/p>\n<\/div>\n<\/div>\n\n\n\n<p>OFFEXT SKUNK Anv\u00e4ndar- och underh\u00e5llshandbok (p\u00e5 engelska) <a href=\"http:\/\/www.offext.com\/se\/wp-content\/uploads\/sites\/4\/2022\/02\/OFFEXT-SKUNK-user-manual-ver.1.1.pdf\">in English<\/a><\/p>\n\n\n\n<p><\/p>\n\n\n\n<p>OFFEXT SKUNK-armmunstycket skyddas av nyttopatent<a href=\"https:\/\/patent.prh.fi\/pubserver\/getpdf.jsp?cc=FI&amp;pn=13086&amp;ki\"> FI 13086 Y1<\/a><\/p>\n","protected":false},"excerpt":{"rendered":"<p>OFFEXT Skunk \u00e4r en armmunstycke med en filosofi d\u00e4r sl\u00e4ckmedlet (vatten) placeras d\u00e4r (i taket) v\u00e4rmen finns. Vattnet riktas d\u00e4rmed mycket effektivt mot den varma gaslagret och pyrolysytande ytor. Det \u00e4r ingen mening att l\u00e4gga vatten p\u00e5 golvet som \u00e4r den svalaste delen av utrymmet. The Arm nozzle testvideo &#8211; YouTube OFFEXT SKUNK har tv\u00e5<\/p><\/div>\n<div class=\"blog-btn\"><a href=\"https:\/\/www.offext.com\/se\/skunk\/\" class=\"home-blog-btn\">L\u00e4s mer<\/a><\/p>\n","protected":false},"author":1,"featured_media":0,"parent":0,"menu_order":0,"comment_status":"closed","ping_status":"closed","template":"template\/template-page-full-width.php","meta":{"footnotes":""},"class_list":["post-208","page","type-page","status-publish","hentry"],"yoast_head":"<!-- This site is optimized with the Yoast SEO plugin v23.2 - https:\/\/yoast.com\/wordpress\/plugins\/seo\/ -->\n<title>OFFEXT Skunk - OFFEXT<\/title>\n<meta name=\"description\" content=\"OFFEXT SKUNK on tehokas ja turvallinen sammutusvarsi tulipalojen sammuttamiseen palavan tilan ulkopuolelta.\" \/>\n<meta name=\"robots\" content=\"index, follow, max-snippet:-1, max-image-preview:large, max-video-preview:-1\" \/>\n<link rel=\"canonical\" href=\"https:\/\/www.offext.com\/se\/skunk\/\" \/>\n<meta property=\"og:locale\" content=\"sv_SE\" \/>\n<meta property=\"og:type\" content=\"article\" \/>\n<meta property=\"og:title\" content=\"OFFEXT Skunk - OFFEXT\" \/>\n<meta property=\"og:description\" content=\"OFFEXT SKUNK on tehokas ja turvallinen sammutusvarsi tulipalojen sammuttamiseen palavan tilan ulkopuolelta.\" \/>\n<meta property=\"og:url\" content=\"https:\/\/www.offext.com\/se\/skunk\/\" \/>\n<meta property=\"og:site_name\" content=\"OFFEXT\" \/>\n<meta property=\"article:modified_time\" content=\"2024-03-23T11:32:36+00:00\" \/>\n<meta property=\"og:image\" content=\"http:\/\/www.offext.com\/wp-content\/uploads\/sites\/2\/2022\/12\/Sammutushyokkays_Video.png\" \/>\n<meta name=\"twitter:card\" content=\"summary_large_image\" \/>\n<meta name=\"twitter:label1\" content=\"Ber\u00e4knad l\u00e4stid\" \/>\n\t<meta name=\"twitter:data1\" content=\"2 minuter\" \/>\n<script type=\"application\/ld+json\" class=\"yoast-schema-graph\">{\"@context\":\"https:\/\/schema.org\",\"@graph\":[{\"@type\":\"WebPage\",\"@id\":\"https:\/\/www.offext.com\/se\/skunk\/\",\"url\":\"https:\/\/www.offext.com\/se\/skunk\/\",\"name\":\"OFFEXT Skunk - OFFEXT\",\"isPartOf\":{\"@id\":\"https:\/\/www.offext.com\/se\/#website\"},\"primaryImageOfPage\":{\"@id\":\"https:\/\/www.offext.com\/se\/skunk\/#primaryimage\"},\"image\":{\"@id\":\"https:\/\/www.offext.com\/se\/skunk\/#primaryimage\"},\"thumbnailUrl\":\"http:\/\/www.offext.com\/wp-content\/uploads\/sites\/2\/2022\/12\/Sammutushyokkays_Video.png\",\"datePublished\":\"2022-02-18T20:15:16+00:00\",\"dateModified\":\"2024-03-23T11:32:36+00:00\",\"description\":\"OFFEXT SKUNK on tehokas ja turvallinen sammutusvarsi tulipalojen sammuttamiseen palavan tilan ulkopuolelta.\",\"breadcrumb\":{\"@id\":\"https:\/\/www.offext.com\/se\/skunk\/#breadcrumb\"},\"inLanguage\":\"sv-SE\",\"potentialAction\":[{\"@type\":\"ReadAction\",\"target\":[\"https:\/\/www.offext.com\/se\/skunk\/\"]}]},{\"@type\":\"ImageObject\",\"inLanguage\":\"sv-SE\",\"@id\":\"https:\/\/www.offext.com\/se\/skunk\/#primaryimage\",\"url\":\"http:\/\/www.offext.com\/wp-content\/uploads\/sites\/2\/2022\/12\/Sammutushyokkays_Video.png\",\"contentUrl\":\"http:\/\/www.offext.com\/wp-content\/uploads\/sites\/2\/2022\/12\/Sammutushyokkays_Video.png\"},{\"@type\":\"BreadcrumbList\",\"@id\":\"https:\/\/www.offext.com\/se\/skunk\/#breadcrumb\",\"itemListElement\":[{\"@type\":\"ListItem\",\"position\":1,\"name\":\"Home\",\"item\":\"https:\/\/www.offext.com\/se\/\"},{\"@type\":\"ListItem\",\"position\":2,\"name\":\"OFFEXT Skunk\"}]},{\"@type\":\"WebSite\",\"@id\":\"https:\/\/www.offext.com\/se\/#website\",\"url\":\"https:\/\/www.offext.com\/se\/\",\"name\":\"OFFEXT\",\"description\":\"\",\"potentialAction\":[{\"@type\":\"SearchAction\",\"target\":{\"@type\":\"EntryPoint\",\"urlTemplate\":\"https:\/\/www.offext.com\/se\/?s={search_term_string}\"},\"query-input\":\"required name=search_term_string\"}],\"inLanguage\":\"sv-SE\"}]}<\/script>\n<!-- \/ Yoast SEO plugin. -->","yoast_head_json":{"title":"OFFEXT Skunk - OFFEXT","description":"OFFEXT SKUNK on tehokas ja turvallinen sammutusvarsi tulipalojen sammuttamiseen palavan tilan ulkopuolelta.","robots":{"index":"index","follow":"follow","max-snippet":"max-snippet:-1","max-image-preview":"max-image-preview:large","max-video-preview":"max-video-preview:-1"},"canonical":"https:\/\/www.offext.com\/se\/skunk\/","og_locale":"sv_SE","og_type":"article","og_title":"OFFEXT Skunk - OFFEXT","og_description":"OFFEXT SKUNK on tehokas ja turvallinen sammutusvarsi tulipalojen sammuttamiseen palavan tilan ulkopuolelta.","og_url":"https:\/\/www.offext.com\/se\/skunk\/","og_site_name":"OFFEXT","article_modified_time":"2024-03-23T11:32:36+00:00","og_image":[{"url":"http:\/\/www.offext.com\/wp-content\/uploads\/sites\/2\/2022\/12\/Sammutushyokkays_Video.png"}],"twitter_card":"summary_large_image","twitter_misc":{"Ber\u00e4knad l\u00e4stid":"2 minuter"},"schema":{"@context":"https:\/\/schema.org","@graph":[{"@type":"WebPage","@id":"https:\/\/www.offext.com\/se\/skunk\/","url":"https:\/\/www.offext.com\/se\/skunk\/","name":"OFFEXT Skunk - OFFEXT","isPartOf":{"@id":"https:\/\/www.offext.com\/se\/#website"},"primaryImageOfPage":{"@id":"https:\/\/www.offext.com\/se\/skunk\/#primaryimage"},"image":{"@id":"https:\/\/www.offext.com\/se\/skunk\/#primaryimage"},"thumbnailUrl":"http:\/\/www.offext.com\/wp-content\/uploads\/sites\/2\/2022\/12\/Sammutushyokkays_Video.png","datePublished":"2022-02-18T20:15:16+00:00","dateModified":"2024-03-23T11:32:36+00:00","description":"OFFEXT SKUNK on tehokas ja turvallinen sammutusvarsi tulipalojen sammuttamiseen palavan tilan ulkopuolelta.","breadcrumb":{"@id":"https:\/\/www.offext.com\/se\/skunk\/#breadcrumb"},"inLanguage":"sv-SE","potentialAction":[{"@type":"ReadAction","target":["https:\/\/www.offext.com\/se\/skunk\/"]}]},{"@type":"ImageObject","inLanguage":"sv-SE","@id":"https:\/\/www.offext.com\/se\/skunk\/#primaryimage","url":"http:\/\/www.offext.com\/wp-content\/uploads\/sites\/2\/2022\/12\/Sammutushyokkays_Video.png","contentUrl":"http:\/\/www.offext.com\/wp-content\/uploads\/sites\/2\/2022\/12\/Sammutushyokkays_Video.png"},{"@type":"BreadcrumbList","@id":"https:\/\/www.offext.com\/se\/skunk\/#breadcrumb","itemListElement":[{"@type":"ListItem","position":1,"name":"Home","item":"https:\/\/www.offext.com\/se\/"},{"@type":"ListItem","position":2,"name":"OFFEXT Skunk"}]},{"@type":"WebSite","@id":"https:\/\/www.offext.com\/se\/#website","url":"https:\/\/www.offext.com\/se\/","name":"OFFEXT","description":"","potentialAction":[{"@type":"SearchAction","target":{"@type":"EntryPoint","urlTemplate":"https:\/\/www.offext.com\/se\/?s={search_term_string}"},"query-input":"required name=search_term_string"}],"inLanguage":"sv-SE"}]}},"_links":{"self":[{"href":"https:\/\/www.offext.com\/se\/wp-json\/wp\/v2\/pages\/208"}],"collection":[{"href":"https:\/\/www.offext.com\/se\/wp-json\/wp\/v2\/pages"}],"about":[{"href":"https:\/\/www.offext.com\/se\/wp-json\/wp\/v2\/types\/page"}],"author":[{"embeddable":true,"href":"https:\/\/www.offext.com\/se\/wp-json\/wp\/v2\/users\/1"}],"replies":[{"embeddable":true,"href":"https:\/\/www.offext.com\/se\/wp-json\/wp\/v2\/comments?post=208"}],"version-history":[{"count":4,"href":"https:\/\/www.offext.com\/se\/wp-json\/wp\/v2\/pages\/208\/revisions"}],"predecessor-version":[{"id":453,"href":"https:\/\/www.offext.com\/se\/wp-json\/wp\/v2\/pages\/208\/revisions\/453"}],"wp:attachment":[{"href":"https:\/\/www.offext.com\/se\/wp-json\/wp\/v2\/media?parent=208"}],"curies":[{"name":"wp","href":"https:\/\/api.w.org\/{rel}","templated":true}]}}