{"id":414,"date":"2023-12-27T21:23:39","date_gmt":"2023-12-27T19:23:39","guid":{"rendered":"https:\/\/www.offext.com\/?page_id=414"},"modified":"2024-03-23T11:40:04","modified_gmt":"2024-03-23T11:40:04","slug":"offext-lock-cover","status":"publish","type":"page","link":"https:\/\/www.offext.com\/se\/offext-lock-cover\/","title":{"rendered":"OFFEXT LOCK COVER"},"content":{"rendered":"\n<p><\/p>\n\n\n<div class=\"wp-block-image\">\n<figure class=\"aligncenter size-large is-resized\"><img decoding=\"async\" src=\"https:\/\/www.offext.com\/wp-content\/uploads\/sites\/2\/2023\/12\/image.png\" alt=\"\" style=\"width:642px;height:369px\"\/><figcaption class=\"wp-element-caption\">Satsen inneh\u00e5ller en borr och plattorna<\/figcaption><\/figure><\/div>\n\n\n<p>Offext l\u00e5slock \u00e4r ett verktyg f\u00f6r polis och brandk\u00e5r som anv\u00e4nds n\u00e4r det finns ett behov av snabb \u00e5tkomst och d\u00f6rren \u00e4r l\u00e5st. Offext l\u00e5slock m\u00f6jligg\u00f6r \u00e5tkomst samtidigt som m\u00f6jligheten att l\u00e5sa d\u00f6rren efter\u00e5t bibeh\u00e5lls. Ett h\u00e5l tillr\u00e4ckligt stort f\u00f6r att f\u00e5 igenom en hand borras genom d\u00f6rren och d\u00f6rrl\u00e5set kan \u00f6ppnas. Dessutom kan en sl\u00e4ckningsanordning som OFFEXT Skunk s\u00e4ttas in genom h\u00e5let f\u00f6r effektiv yttre brandbek\u00e4mpning. Skunk kan monteras \u00e4ven i en mycket tr\u00e5ng korridor.<\/p>\n\n\n\n<figure class=\"wp-block-image size-large\"><img decoding=\"async\" src=\"https:\/\/www.offext.com\/wp-content\/uploads\/sites\/2\/2023\/12\/image-1.png\" alt=\"\"\/><figcaption class=\"wp-element-caption\">Sl\u00e4cka branden genom h\u00e5let p\u00e5 d\u00f6rren<\/figcaption><\/figure>\n\n\n\n<p>Efter h\u00e4ndelsen t\u00e4cks h\u00e5let med l\u00e5splattorna, som inte kan \u00f6ppnas utifr\u00e5n. P\u00e5 s\u00e5 s\u00e4tt kan d\u00f6rren l\u00e5sas igen och skydda egendomen inne i l\u00e4genheten. Detta skyddar ocks\u00e5 integriteten p\u00e5 h\u00e4ndelseplatsen f\u00f6r utredning.<\/p>\n\n\n\n<figure class=\"wp-block-embed aligncenter is-type-video is-provider-youtube wp-block-embed-youtube wp-embed-aspect-16-9 wp-has-aspect-ratio\"><div class=\"wp-block-embed__wrapper\">\n<iframe loading=\"lazy\" title=\"Varsisammutin kerrostalossa\" width=\"696\" height=\"392\" src=\"https:\/\/www.youtube.com\/embed\/G3lyMHYtUL0?feature=oembed\" frameborder=\"0\" allow=\"accelerometer; autoplay; clipboard-write; encrypted-media; gyroscope; picture-in-picture; web-share\" allowfullscreen><\/iframe>\n<\/div><\/figure>\n","protected":false},"excerpt":{"rendered":"<p>Offext l\u00e5slock \u00e4r ett verktyg f\u00f6r polis och brandk\u00e5r som anv\u00e4nds n\u00e4r det finns ett behov av snabb \u00e5tkomst och d\u00f6rren \u00e4r l\u00e5st. Offext l\u00e5slock m\u00f6jligg\u00f6r \u00e5tkomst samtidigt som m\u00f6jligheten att l\u00e5sa d\u00f6rren efter\u00e5t bibeh\u00e5lls. Ett h\u00e5l tillr\u00e4ckligt stort f\u00f6r att f\u00e5 igenom en hand borras genom d\u00f6rren och d\u00f6rrl\u00e5set kan \u00f6ppnas. Dessutom kan en<\/p><\/div>\n<div class=\"blog-btn\"><a href=\"https:\/\/www.offext.com\/se\/offext-lock-cover\/\" class=\"home-blog-btn\">L\u00e4s mer<\/a><\/p>\n","protected":false},"author":1,"featured_media":0,"parent":0,"menu_order":0,"comment_status":"closed","ping_status":"closed","template":"template\/template-page-full-width.php","meta":{"footnotes":""},"class_list":["post-414","page","type-page","status-publish","hentry"],"yoast_head":"<!-- This site is optimized with the Yoast SEO plugin v23.2 - https:\/\/yoast.com\/wordpress\/plugins\/seo\/ -->\n<title>OFFEXT LOCK COVER - OFFEXT<\/title>\n<meta name=\"robots\" content=\"index, follow, max-snippet:-1, max-image-preview:large, max-video-preview:-1\" \/>\n<link rel=\"canonical\" href=\"https:\/\/www.offext.com\/se\/offext-lock-cover\/\" \/>\n<meta property=\"og:locale\" content=\"sv_SE\" \/>\n<meta property=\"og:type\" content=\"article\" \/>\n<meta property=\"og:title\" content=\"OFFEXT LOCK COVER - OFFEXT\" \/>\n<meta property=\"og:description\" content=\"Offext l\u00e5slock \u00e4r ett verktyg f\u00f6r polis och brandk\u00e5r som anv\u00e4nds n\u00e4r det finns ett behov av snabb \u00e5tkomst och d\u00f6rren \u00e4r l\u00e5st. Offext l\u00e5slock m\u00f6jligg\u00f6r \u00e5tkomst samtidigt som m\u00f6jligheten att l\u00e5sa d\u00f6rren efter\u00e5t bibeh\u00e5lls. Ett h\u00e5l tillr\u00e4ckligt stort f\u00f6r att f\u00e5 igenom en hand borras genom d\u00f6rren och d\u00f6rrl\u00e5set kan \u00f6ppnas. Dessutom kan enL\u00e4s mer\" \/>\n<meta property=\"og:url\" content=\"https:\/\/www.offext.com\/se\/offext-lock-cover\/\" \/>\n<meta property=\"og:site_name\" content=\"OFFEXT\" \/>\n<meta property=\"article:modified_time\" content=\"2024-03-23T11:40:04+00:00\" \/>\n<meta property=\"og:image\" content=\"https:\/\/www.offext.com\/wp-content\/uploads\/sites\/2\/2023\/12\/image.png\" \/>\n<meta name=\"twitter:card\" content=\"summary_large_image\" \/>\n<meta name=\"twitter:label1\" content=\"Ber\u00e4knad l\u00e4stid\" \/>\n\t<meta name=\"twitter:data1\" content=\"2 minuter\" \/>\n<script type=\"application\/ld+json\" class=\"yoast-schema-graph\">{\"@context\":\"https:\/\/schema.org\",\"@graph\":[{\"@type\":\"WebPage\",\"@id\":\"https:\/\/www.offext.com\/se\/offext-lock-cover\/\",\"url\":\"https:\/\/www.offext.com\/se\/offext-lock-cover\/\",\"name\":\"OFFEXT LOCK COVER - OFFEXT\",\"isPartOf\":{\"@id\":\"https:\/\/www.offext.com\/se\/#website\"},\"primaryImageOfPage\":{\"@id\":\"https:\/\/www.offext.com\/se\/offext-lock-cover\/#primaryimage\"},\"image\":{\"@id\":\"https:\/\/www.offext.com\/se\/offext-lock-cover\/#primaryimage\"},\"thumbnailUrl\":\"https:\/\/www.offext.com\/wp-content\/uploads\/sites\/2\/2023\/12\/image.png\",\"datePublished\":\"2023-12-27T19:23:39+00:00\",\"dateModified\":\"2024-03-23T11:40:04+00:00\",\"breadcrumb\":{\"@id\":\"https:\/\/www.offext.com\/se\/offext-lock-cover\/#breadcrumb\"},\"inLanguage\":\"sv-SE\",\"potentialAction\":[{\"@type\":\"ReadAction\",\"target\":[\"https:\/\/www.offext.com\/se\/offext-lock-cover\/\"]}]},{\"@type\":\"ImageObject\",\"inLanguage\":\"sv-SE\",\"@id\":\"https:\/\/www.offext.com\/se\/offext-lock-cover\/#primaryimage\",\"url\":\"https:\/\/www.offext.com\/wp-content\/uploads\/sites\/2\/2023\/12\/image.png\",\"contentUrl\":\"https:\/\/www.offext.com\/wp-content\/uploads\/sites\/2\/2023\/12\/image.png\"},{\"@type\":\"BreadcrumbList\",\"@id\":\"https:\/\/www.offext.com\/se\/offext-lock-cover\/#breadcrumb\",\"itemListElement\":[{\"@type\":\"ListItem\",\"position\":1,\"name\":\"Home\",\"item\":\"https:\/\/www.offext.com\/se\/\"},{\"@type\":\"ListItem\",\"position\":2,\"name\":\"OFFEXT LOCK COVER\"}]},{\"@type\":\"WebSite\",\"@id\":\"https:\/\/www.offext.com\/se\/#website\",\"url\":\"https:\/\/www.offext.com\/se\/\",\"name\":\"OFFEXT\",\"description\":\"\",\"potentialAction\":[{\"@type\":\"SearchAction\",\"target\":{\"@type\":\"EntryPoint\",\"urlTemplate\":\"https:\/\/www.offext.com\/se\/?s={search_term_string}\"},\"query-input\":\"required name=search_term_string\"}],\"inLanguage\":\"sv-SE\"}]}<\/script>\n<!-- \/ Yoast SEO plugin. -->","yoast_head_json":{"title":"OFFEXT LOCK COVER - OFFEXT","robots":{"index":"index","follow":"follow","max-snippet":"max-snippet:-1","max-image-preview":"max-image-preview:large","max-video-preview":"max-video-preview:-1"},"canonical":"https:\/\/www.offext.com\/se\/offext-lock-cover\/","og_locale":"sv_SE","og_type":"article","og_title":"OFFEXT LOCK COVER - OFFEXT","og_description":"Offext l\u00e5slock \u00e4r ett verktyg f\u00f6r polis och brandk\u00e5r som anv\u00e4nds n\u00e4r det finns ett behov av snabb \u00e5tkomst och d\u00f6rren \u00e4r l\u00e5st. Offext l\u00e5slock m\u00f6jligg\u00f6r \u00e5tkomst samtidigt som m\u00f6jligheten att l\u00e5sa d\u00f6rren efter\u00e5t bibeh\u00e5lls. Ett h\u00e5l tillr\u00e4ckligt stort f\u00f6r att f\u00e5 igenom en hand borras genom d\u00f6rren och d\u00f6rrl\u00e5set kan \u00f6ppnas. Dessutom kan enL\u00e4s mer","og_url":"https:\/\/www.offext.com\/se\/offext-lock-cover\/","og_site_name":"OFFEXT","article_modified_time":"2024-03-23T11:40:04+00:00","og_image":[{"url":"https:\/\/www.offext.com\/wp-content\/uploads\/sites\/2\/2023\/12\/image.png"}],"twitter_card":"summary_large_image","twitter_misc":{"Ber\u00e4knad l\u00e4stid":"2 minuter"},"schema":{"@context":"https:\/\/schema.org","@graph":[{"@type":"WebPage","@id":"https:\/\/www.offext.com\/se\/offext-lock-cover\/","url":"https:\/\/www.offext.com\/se\/offext-lock-cover\/","name":"OFFEXT LOCK COVER - OFFEXT","isPartOf":{"@id":"https:\/\/www.offext.com\/se\/#website"},"primaryImageOfPage":{"@id":"https:\/\/www.offext.com\/se\/offext-lock-cover\/#primaryimage"},"image":{"@id":"https:\/\/www.offext.com\/se\/offext-lock-cover\/#primaryimage"},"thumbnailUrl":"https:\/\/www.offext.com\/wp-content\/uploads\/sites\/2\/2023\/12\/image.png","datePublished":"2023-12-27T19:23:39+00:00","dateModified":"2024-03-23T11:40:04+00:00","breadcrumb":{"@id":"https:\/\/www.offext.com\/se\/offext-lock-cover\/#breadcrumb"},"inLanguage":"sv-SE","potentialAction":[{"@type":"ReadAction","target":["https:\/\/www.offext.com\/se\/offext-lock-cover\/"]}]},{"@type":"ImageObject","inLanguage":"sv-SE","@id":"https:\/\/www.offext.com\/se\/offext-lock-cover\/#primaryimage","url":"https:\/\/www.offext.com\/wp-content\/uploads\/sites\/2\/2023\/12\/image.png","contentUrl":"https:\/\/www.offext.com\/wp-content\/uploads\/sites\/2\/2023\/12\/image.png"},{"@type":"BreadcrumbList","@id":"https:\/\/www.offext.com\/se\/offext-lock-cover\/#breadcrumb","itemListElement":[{"@type":"ListItem","position":1,"name":"Home","item":"https:\/\/www.offext.com\/se\/"},{"@type":"ListItem","position":2,"name":"OFFEXT LOCK COVER"}]},{"@type":"WebSite","@id":"https:\/\/www.offext.com\/se\/#website","url":"https:\/\/www.offext.com\/se\/","name":"OFFEXT","description":"","potentialAction":[{"@type":"SearchAction","target":{"@type":"EntryPoint","urlTemplate":"https:\/\/www.offext.com\/se\/?s={search_term_string}"},"query-input":"required name=search_term_string"}],"inLanguage":"sv-SE"}]}},"_links":{"self":[{"href":"https:\/\/www.offext.com\/se\/wp-json\/wp\/v2\/pages\/414"}],"collection":[{"href":"https:\/\/www.offext.com\/se\/wp-json\/wp\/v2\/pages"}],"about":[{"href":"https:\/\/www.offext.com\/se\/wp-json\/wp\/v2\/types\/page"}],"author":[{"embeddable":true,"href":"https:\/\/www.offext.com\/se\/wp-json\/wp\/v2\/users\/1"}],"replies":[{"embeddable":true,"href":"https:\/\/www.offext.com\/se\/wp-json\/wp\/v2\/comments?post=414"}],"version-history":[{"count":2,"href":"https:\/\/www.offext.com\/se\/wp-json\/wp\/v2\/pages\/414\/revisions"}],"predecessor-version":[{"id":456,"href":"https:\/\/www.offext.com\/se\/wp-json\/wp\/v2\/pages\/414\/revisions\/456"}],"wp:attachment":[{"href":"https:\/\/www.offext.com\/se\/wp-json\/wp\/v2\/media?parent=414"}],"curies":[{"name":"wp","href":"https:\/\/api.w.org\/{rel}","templated":true}]}}