{"id":78,"date":"2022-02-20T08:06:29","date_gmt":"2022-02-20T08:06:29","guid":{"rendered":"http:\/\/www.offext.com\/home\/"},"modified":"2022-02-20T08:06:29","modified_gmt":"2022-02-20T08:06:29","slug":"home","status":"publish","type":"page","link":"https:\/\/www.offext.com\/se\/home\/","title":{"rendered":"OFFEXT tuoteperhe"},"content":{"rendered":"<div class=\"wp-block-image\">\n<figure class=\"aligncenter size-full is-resized\"><img loading=\"lazy\" decoding=\"async\" src=\"https:\/\/www.offext.fi\/wp-content\/uploads\/2022\/07\/etusivukuva.png\" alt=\"\" class=\"wp-image-275\" width=\"845\" height=\"262\" \/><\/figure><\/div>\n\n\n<p><\/p>\n\n\n\n<p>Kun palokohde on viel\u00e4 suhteellisen ehj\u00e4 siten, ett\u00e4 rakenteessa ei ole suuria aukkoja, on OFFEXT VIPER pistosuihkuputkella sammuttaminen eritt\u00e4in tehokas menetelm\u00e4 sammuttaa palo ulkopuolelta. Ehj\u00e4ss\u00e4 rakenteessa sammute ei tuuletu, vaan toimii toivotulla tavalla. Pienell\u00e4kin vesim\u00e4\u00e4r\u00e4ll\u00e4 saadaan hyv\u00e4 sammutusvaikutus, jos sammute suunnataan oikeaan kohtaan tilaa. Kuumat palokaasut ja kuumat, pyrolysoituvat pinnat ovat laipiossa ja seinien yl\u00e4osassa, joten vesi t\u00e4ytyy saada sinne. VIPER toimii my\u00f6s jauheen kanssa huomattavasti tehokkaammin kun tavallinen pistosuihkuputki, kun jauheen levitt\u00e4minen on tehokasta putkea suuntaamalla.<\/p>\n\n\n\n<p>Ikkunoiden s\u00e4rkyminen lis\u00e4\u00e4 aukkokerrointa merkitt\u00e4v\u00e4sti, jolloin muun muassa jauheen ja pienten vesim\u00e4\u00e4rien sammutustekniikoiden k\u00e4ytt\u00f6 ei ole en\u00e4\u00e4 tehokasta. T\u00e4llaisessa tilanteessa OFFEXT SKUNK varsisammutin on oikea valinta ty\u00f6kaluksi. SKUNK toimii samalla filosofialla, vett\u00e4 laitetaan sinne, miss\u00e4 sit\u00e4 tarvitaan, eli tilan yl\u00e4osaan. <\/p>\n\n\n\n<p><\/p>\n\n\n\n<p>OFFEXT tuoteet ovat Suomessa suunniteltu ja valmistettu, 100 % kotimaista tuotantoa. L\u00e4ht\u00f6kohta on ollut tehd\u00e4 sammuttamisesta helpompaa, nopeampaa ja v\u00e4hemm\u00e4n altistavaa.<\/p>\n","protected":false},"excerpt":{"rendered":"<p>Kun palokohde on viel\u00e4 suhteellisen ehj\u00e4 siten, ett\u00e4 rakenteessa ei ole suuria aukkoja, on OFFEXT VIPER pistosuihkuputkella sammuttaminen eritt\u00e4in tehokas menetelm\u00e4 sammuttaa palo ulkopuolelta. Ehj\u00e4ss\u00e4 rakenteessa sammute ei tuuletu, vaan toimii toivotulla tavalla. Pienell\u00e4kin vesim\u00e4\u00e4r\u00e4ll\u00e4 saadaan hyv\u00e4 sammutusvaikutus, jos sammute suunnataan oikeaan kohtaan tilaa. Kuumat palokaasut ja kuumat, pyrolysoituvat pinnat ovat laipiossa ja seinien yl\u00e4osassa,<\/p><\/div>\n<div class=\"blog-btn\"><a href=\"https:\/\/www.offext.com\/se\/home\/\" class=\"home-blog-btn\">L\u00e4s mer<\/a><\/p>\n","protected":false},"author":1,"featured_media":0,"parent":0,"menu_order":0,"comment_status":"closed","ping_status":"closed","template":"template\/template-about.php","meta":{"footnotes":""},"class_list":["post-78","page","type-page","status-publish","hentry"],"yoast_head":"<!-- This site is optimized with the Yoast SEO plugin v23.2 - https:\/\/yoast.com\/wordpress\/plugins\/seo\/ -->\n<title>OFFEXT tuoteperhe - OFFEXT<\/title>\n<meta name=\"robots\" content=\"index, follow, max-snippet:-1, max-image-preview:large, max-video-preview:-1\" \/>\n<link rel=\"canonical\" href=\"https:\/\/www.offext.com\/se\/home\/\" \/>\n<meta property=\"og:locale\" content=\"sv_SE\" \/>\n<meta property=\"og:type\" content=\"article\" \/>\n<meta property=\"og:title\" content=\"OFFEXT tuoteperhe - OFFEXT\" \/>\n<meta property=\"og:description\" content=\"Kun palokohde on viel\u00e4 suhteellisen ehj\u00e4 siten, ett\u00e4 rakenteessa ei ole suuria aukkoja, on OFFEXT VIPER pistosuihkuputkella sammuttaminen eritt\u00e4in tehokas menetelm\u00e4 sammuttaa palo ulkopuolelta. Ehj\u00e4ss\u00e4 rakenteessa sammute ei tuuletu, vaan toimii toivotulla tavalla. Pienell\u00e4kin vesim\u00e4\u00e4r\u00e4ll\u00e4 saadaan hyv\u00e4 sammutusvaikutus, jos sammute suunnataan oikeaan kohtaan tilaa. Kuumat palokaasut ja kuumat, pyrolysoituvat pinnat ovat laipiossa ja seinien yl\u00e4osassa,L\u00e4s mer\" \/>\n<meta property=\"og:url\" content=\"https:\/\/www.offext.com\/se\/home\/\" \/>\n<meta property=\"og:site_name\" content=\"OFFEXT\" \/>\n<meta property=\"og:image\" content=\"https:\/\/www.offext.fi\/wp-content\/uploads\/2022\/07\/etusivukuva.png\" \/>\n<meta name=\"twitter:card\" content=\"summary_large_image\" \/>\n<meta name=\"twitter:label1\" content=\"Ber\u00e4knad l\u00e4stid\" \/>\n\t<meta name=\"twitter:data1\" content=\"1 minut\" \/>\n<script type=\"application\/ld+json\" class=\"yoast-schema-graph\">{\"@context\":\"https:\/\/schema.org\",\"@graph\":[{\"@type\":\"WebPage\",\"@id\":\"https:\/\/www.offext.com\/se\/home\/\",\"url\":\"https:\/\/www.offext.com\/se\/home\/\",\"name\":\"OFFEXT tuoteperhe - OFFEXT\",\"isPartOf\":{\"@id\":\"https:\/\/www.offext.com\/se\/#website\"},\"primaryImageOfPage\":{\"@id\":\"https:\/\/www.offext.com\/se\/home\/#primaryimage\"},\"image\":{\"@id\":\"https:\/\/www.offext.com\/se\/home\/#primaryimage\"},\"thumbnailUrl\":\"https:\/\/www.offext.fi\/wp-content\/uploads\/2022\/07\/etusivukuva.png\",\"datePublished\":\"2022-02-20T08:06:29+00:00\",\"dateModified\":\"2022-02-20T08:06:29+00:00\",\"breadcrumb\":{\"@id\":\"https:\/\/www.offext.com\/se\/home\/#breadcrumb\"},\"inLanguage\":\"sv-SE\",\"potentialAction\":[{\"@type\":\"ReadAction\",\"target\":[\"https:\/\/www.offext.com\/se\/home\/\"]}]},{\"@type\":\"ImageObject\",\"inLanguage\":\"sv-SE\",\"@id\":\"https:\/\/www.offext.com\/se\/home\/#primaryimage\",\"url\":\"https:\/\/www.offext.fi\/wp-content\/uploads\/2022\/07\/etusivukuva.png\",\"contentUrl\":\"https:\/\/www.offext.fi\/wp-content\/uploads\/2022\/07\/etusivukuva.png\"},{\"@type\":\"BreadcrumbList\",\"@id\":\"https:\/\/www.offext.com\/se\/home\/#breadcrumb\",\"itemListElement\":[{\"@type\":\"ListItem\",\"position\":1,\"name\":\"Home\",\"item\":\"https:\/\/www.offext.com\/se\/\"},{\"@type\":\"ListItem\",\"position\":2,\"name\":\"OFFEXT tuoteperhe\"}]},{\"@type\":\"WebSite\",\"@id\":\"https:\/\/www.offext.com\/se\/#website\",\"url\":\"https:\/\/www.offext.com\/se\/\",\"name\":\"OFFEXT\",\"description\":\"\",\"potentialAction\":[{\"@type\":\"SearchAction\",\"target\":{\"@type\":\"EntryPoint\",\"urlTemplate\":\"https:\/\/www.offext.com\/se\/?s={search_term_string}\"},\"query-input\":\"required name=search_term_string\"}],\"inLanguage\":\"sv-SE\"}]}<\/script>\n<!-- \/ Yoast SEO plugin. -->","yoast_head_json":{"title":"OFFEXT tuoteperhe - OFFEXT","robots":{"index":"index","follow":"follow","max-snippet":"max-snippet:-1","max-image-preview":"max-image-preview:large","max-video-preview":"max-video-preview:-1"},"canonical":"https:\/\/www.offext.com\/se\/home\/","og_locale":"sv_SE","og_type":"article","og_title":"OFFEXT tuoteperhe - OFFEXT","og_description":"Kun palokohde on viel\u00e4 suhteellisen ehj\u00e4 siten, ett\u00e4 rakenteessa ei ole suuria aukkoja, on OFFEXT VIPER pistosuihkuputkella sammuttaminen eritt\u00e4in tehokas menetelm\u00e4 sammuttaa palo ulkopuolelta. Ehj\u00e4ss\u00e4 rakenteessa sammute ei tuuletu, vaan toimii toivotulla tavalla. Pienell\u00e4kin vesim\u00e4\u00e4r\u00e4ll\u00e4 saadaan hyv\u00e4 sammutusvaikutus, jos sammute suunnataan oikeaan kohtaan tilaa. Kuumat palokaasut ja kuumat, pyrolysoituvat pinnat ovat laipiossa ja seinien yl\u00e4osassa,L\u00e4s mer","og_url":"https:\/\/www.offext.com\/se\/home\/","og_site_name":"OFFEXT","og_image":[{"url":"https:\/\/www.offext.fi\/wp-content\/uploads\/2022\/07\/etusivukuva.png"}],"twitter_card":"summary_large_image","twitter_misc":{"Ber\u00e4knad l\u00e4stid":"1 minut"},"schema":{"@context":"https:\/\/schema.org","@graph":[{"@type":"WebPage","@id":"https:\/\/www.offext.com\/se\/home\/","url":"https:\/\/www.offext.com\/se\/home\/","name":"OFFEXT tuoteperhe - OFFEXT","isPartOf":{"@id":"https:\/\/www.offext.com\/se\/#website"},"primaryImageOfPage":{"@id":"https:\/\/www.offext.com\/se\/home\/#primaryimage"},"image":{"@id":"https:\/\/www.offext.com\/se\/home\/#primaryimage"},"thumbnailUrl":"https:\/\/www.offext.fi\/wp-content\/uploads\/2022\/07\/etusivukuva.png","datePublished":"2022-02-20T08:06:29+00:00","dateModified":"2022-02-20T08:06:29+00:00","breadcrumb":{"@id":"https:\/\/www.offext.com\/se\/home\/#breadcrumb"},"inLanguage":"sv-SE","potentialAction":[{"@type":"ReadAction","target":["https:\/\/www.offext.com\/se\/home\/"]}]},{"@type":"ImageObject","inLanguage":"sv-SE","@id":"https:\/\/www.offext.com\/se\/home\/#primaryimage","url":"https:\/\/www.offext.fi\/wp-content\/uploads\/2022\/07\/etusivukuva.png","contentUrl":"https:\/\/www.offext.fi\/wp-content\/uploads\/2022\/07\/etusivukuva.png"},{"@type":"BreadcrumbList","@id":"https:\/\/www.offext.com\/se\/home\/#breadcrumb","itemListElement":[{"@type":"ListItem","position":1,"name":"Home","item":"https:\/\/www.offext.com\/se\/"},{"@type":"ListItem","position":2,"name":"OFFEXT tuoteperhe"}]},{"@type":"WebSite","@id":"https:\/\/www.offext.com\/se\/#website","url":"https:\/\/www.offext.com\/se\/","name":"OFFEXT","description":"","potentialAction":[{"@type":"SearchAction","target":{"@type":"EntryPoint","urlTemplate":"https:\/\/www.offext.com\/se\/?s={search_term_string}"},"query-input":"required name=search_term_string"}],"inLanguage":"sv-SE"}]}},"_links":{"self":[{"href":"https:\/\/www.offext.com\/se\/wp-json\/wp\/v2\/pages\/78"}],"collection":[{"href":"https:\/\/www.offext.com\/se\/wp-json\/wp\/v2\/pages"}],"about":[{"href":"https:\/\/www.offext.com\/se\/wp-json\/wp\/v2\/types\/page"}],"author":[{"embeddable":true,"href":"https:\/\/www.offext.com\/se\/wp-json\/wp\/v2\/users\/1"}],"replies":[{"embeddable":true,"href":"https:\/\/www.offext.com\/se\/wp-json\/wp\/v2\/comments?post=78"}],"version-history":[{"count":0,"href":"https:\/\/www.offext.com\/se\/wp-json\/wp\/v2\/pages\/78\/revisions"}],"wp:attachment":[{"href":"https:\/\/www.offext.com\/se\/wp-json\/wp\/v2\/media?parent=78"}],"curies":[{"name":"wp","href":"https:\/\/api.w.org\/{rel}","templated":true}]}}